{"id":101419,"date":"2023-07-28T13:10:10","date_gmt":"2023-07-28T11:10:10","guid":{"rendered":"https:\/\/fulfillmenttools.com\/?page_id=101419"},"modified":"2023-11-23T15:56:25","modified_gmt":"2023-11-23T14:56:25","slug":"fulfillment-glossar-available-to-promise","status":"publish","type":"page","link":"https:\/\/fulfillmenttools.com\/de\/fulfillment-glossar-available-to-promise\/","title":{"rendered":"Fulfillment Glossar &#8211; Available-to-Promise"},"content":{"rendered":"<div class=\"wpb-content-wrapper\"><p>[vc_row unlock_row_content=&#8220;yes&#8220; row_height_percent=&#8220;0&#8243; override_padding=&#8220;yes&#8220; h_padding=&#8220;0&#8243; top_padding=&#8220;0&#8243; bottom_padding=&#8220;0&#8243; overlay_alpha=&#8220;50&#8243; gutter_size=&#8220;0&#8243; column_width_percent=&#8220;100&#8243; shift_y=&#8220;0&#8243; z_index=&#8220;0&#8243;][vc_column column_width_percent=&#8220;100&#8243; gutter_size=&#8220;3&#8243; override_padding=&#8220;yes&#8220; column_padding=&#8220;5&#8243; overlay_alpha=&#8220;50&#8243; shift_x=&#8220;0&#8243; shift_y=&#8220;0&#8243; shift_y_down=&#8220;0&#8243; z_index=&#8220;0&#8243; medium_width=&#8220;0&#8243; mobile_width=&#8220;0&#8243; width=&#8220;1\/1&#8243;][vc_custom_heading heading_semantic=&#8220;h1&#8243; text_size=&#8220;&#8220; text_color=&#8220;color-121104&#8243; sub_reduced=&#8220;yes&#8220;]Available-to-Promise (ATP)[\/vc_custom_heading][\/vc_column][\/vc_row][vc_row unlock_row_content=&#8220;yes&#8220; row_height_percent=&#8220;0&#8243; override_padding=&#8220;yes&#8220; h_padding=&#8220;0&#8243; top_padding=&#8220;1&#8243; bottom_padding=&#8220;2&#8243; overlay_alpha=&#8220;50&#8243; equal_height=&#8220;yes&#8220; gutter_size=&#8220;0&#8243; column_width_percent=&#8220;100&#8243; shift_y=&#8220;0&#8243; z_index=&#8220;0&#8243;][vc_column column_width_use_pixel=&#8220;yes&#8220; position_horizontal=&#8220;left&#8220; gutter_size=&#8220;3&#8243; override_padding=&#8220;yes&#8220; column_padding=&#8220;5&#8243; expand_height=&#8220;yes&#8220; overlay_alpha=&#8220;50&#8243; shift_x=&#8220;0&#8243; shift_y=&#8220;0&#8243; shift_y_down=&#8220;0&#8243; z_index=&#8220;0&#8243; medium_width=&#8220;0&#8243; mobile_width=&#8220;0&#8243; width=&#8220;1\/2&#8243; css=&#8220;.vc_custom_1639133816938{padding-top: 42px !important;}&#8220; column_width_pixel=&#8220;700&#8243;][vc_custom_heading text_color=&#8220;color-121104&#8243;]Was ist Available-to-Promise?[\/vc_custom_heading][vc_column_text]<span style=\"font-weight: 400;\">&#8222;Available-to-Promise&#8220; (ATP) ist ein essentielles Konzept im Bereich der Auftragsabwicklung und Bestandsverwaltung von H\u00e4ndlern. Es beschreibt die Funktion, den Zeitpunkt der Lieferung bestellter Artikel oder Dienstleistungen an Kund:innen zu ermitteln. Die ATP-Berechnung ber\u00fccksichtigt mehrere relevante Faktoren, wie den aktuellen Lagerbestand, laufende Bestellungen und Reservierungen, geplante Produktion sowie die typischen Lieferzeiten.\u00a0<\/span><\/p>\n<p><span style=\"font-weight: 400;\">In einem effizienten <a href=\"https:\/\/fulfillmenttools.com\/fulfillment-glossar-supply-chain-management\/\">Supply Chain Management<\/a> spielt ATP eine zentrale Rolle, da es H\u00e4ndlern erm\u00f6glicht, ihre Lieferketten optimal zu steuern und die Kund:innenzufriedenheit zu erh\u00f6hen. Durch die genaue Planung von verf\u00fcgbaren Best\u00e4nden und Produktionskapazit\u00e4ten k\u00f6nnen Engp\u00e4sse vermieden und Liefertermine pr\u00e4zise eingehalten werden. Daf\u00fcr nutzen ATP-Systeme fortschrittliche Algorithmen und Softwarel\u00f6sungen, um Echtzeitdaten zu verarbeiten.Gerade in Bereichen wie Einzelhandel, Fertigung und Logistik ist die effektive Nutzung des ATP-Konzepts von enormer Bedeutung. Hierbei ist eine engmaschige Verkn\u00fcpfung von Lagerbest\u00e4nden und Lieferkettenmanagement mit der Kund:innenzufriedenheit und der Gesamteffizienz des Unternehmens entscheidend. Durch die ATP-Funktion erhalten Unternehmen eine verbesserte Ressourcenverwaltung und k\u00f6nnen ihre Lieferketten optimieren. Dadurch sind sie in der Lage, die Bed\u00fcrfnisse ihrer Kund:innen pr\u00e4ziser zu erf\u00fcllen, indem sie einen klaren \u00dcberblick dar\u00fcber haben, welche Produkte innerhalb welchem Zeitraum verf\u00fcgbar sein werden. So k\u00f6nnen H\u00e4ndler ihre Marktposition st\u00e4rken und ihre Wettbewerbsf\u00e4higkeit sowie ihren Umsatz steigern.<\/span>[\/vc_column_text][\/vc_column][vc_column column_width_percent=&#8220;100&#8243; position_horizontal=&#8220;right&#8220; position_vertical=&#8220;middle&#8220; align_horizontal=&#8220;align_right&#8220; gutter_size=&#8220;0&#8243; override_padding=&#8220;yes&#8220; column_padding=&#8220;0&#8243; overlay_alpha=&#8220;50&#8243; shift_x=&#8220;0&#8243; shift_y=&#8220;0&#8243; shift_y_down=&#8220;0&#8243; z_index=&#8220;0&#8243; medium_width=&#8220;0&#8243; mobile_visibility=&#8220;yes&#8220; mobile_width=&#8220;0&#8243; width=&#8220;1\/2&#8243; mobile_height=&#8220;340&#8243;][vc_single_image media=&#8220;101234&#8243; media_width_percent=&#8220;70&#8243;][\/vc_column][\/vc_row][vc_row][vc_column width=&#8220;1\/3&#8243;][\/vc_column][vc_column width=&#8220;1\/3&#8243;][vc_button button_color=&#8220;color-121104&#8243; size=&#8220;btn-lg&#8220; radius=&#8220;btn-circle&#8220; border_width=&#8220;0&#8243; link=&#8220;url:https%3A%2F%2Ffulfillmenttools.com%2Ffulfillment-glossar%2F&#8220;]Zur\u00fcck zur Glossar-\u00dcbersicht[\/vc_button][\/vc_column][vc_column width=&#8220;1\/3&#8243;][\/vc_column][\/vc_row][vc_row row_height_percent=&#8220;0&#8243; override_padding=&#8220;yes&#8220; h_padding=&#8220;2&#8243; top_padding=&#8220;3&#8243; bottom_padding=&#8220;4&#8243; back_color=&#8220;color-749896&#8243; overlay_alpha=&#8220;50&#8243; gutter_size=&#8220;100&#8243; column_width_percent=&#8220;100&#8243; shift_y=&#8220;0&#8243; z_index=&#8220;0&#8243; style=&#8220;inherited&#8220; row_name=&#8220;About Us&#8220;][vc_column column_width_percent=&#8220;100&#8243; position_vertical=&#8220;middle&#8220; align_horizontal=&#8220;align_center&#8220; gutter_size=&#8220;4&#8243; overlay_alpha=&#8220;100&#8243; shift_x=&#8220;0&#8243; shift_y=&#8220;0&#8243; shift_y_down=&#8220;0&#8243; z_index=&#8220;0&#8243; medium_width=&#8220;0&#8243; mobile_width=&#8220;0&#8243; zoom_width=&#8220;0&#8243; zoom_height=&#8220;0&#8243; width=&#8220;1\/1&#8243;][vc_row_inner limit_content=&#8220;&#8220;][vc_column_inner column_width_use_pixel=&#8220;yes&#8220; align_horizontal=&#8220;align_center&#8220; gutter_size=&#8220;3&#8243; overlay_alpha=&#8220;50&#8243; shift_x=&#8220;0&#8243; shift_y=&#8220;0&#8243; shift_y_down=&#8220;0&#8243; z_index=&#8220;0&#8243; medium_width=&#8220;0&#8243; mobile_width=&#8220;0&#8243; width=&#8220;1\/1&#8243; column_width_pixel=&#8220;600&#8243;][vc_custom_heading text_font=&#8220;font-377884&#8243; text_color=&#8220;color-121104&#8243;]Das k\u00f6nnte Sie auch interessieren[\/vc_custom_heading][\/vc_column_inner][\/vc_row_inner][vc_row_inner row_inner_height_percent=&#8220;0&#8243; overlay_alpha=&#8220;100&#8243; gutter_size=&#8220;4&#8243; shift_y=&#8220;0&#8243; z_index=&#8220;0&#8243; limit_content=&#8220;&#8220;][vc_column_inner column_width_percent=&#8220;100&#8243; align_horizontal=&#8220;align_center&#8220; gutter_size=&#8220;3&#8243; overlay_alpha=&#8220;100&#8243; shift_x=&#8220;0&#8243; shift_y=&#8220;0&#8243; shift_y_down=&#8220;0&#8243; z_index=&#8220;0&#8243; medium_width=&#8220;4&#8243; mobile_width=&#8220;7&#8243; zoom_width=&#8220;0&#8243; zoom_height=&#8220;0&#8243; width=&#8220;1\/3&#8243;][vc_icon icon_image=&#8220;85552&#8243; icon_color=&#8220;color-166841&#8243; media_size=&#8220;50&#8243; text_font=&#8220;font-377884&#8243; text_size=&#8220;h4&#8243; linked_title=&#8220;yes&#8220; text_reduced=&#8220;yes&#8220; align=&#8220;left&#8220; title=&#8220;Picking&#8220; link=&#8220;url:https%3A%2F%2Ffulfillmenttools.com%2Ffulfillment-glossar-picking%2F&#8220;]Automatisiertes und schnelles Picking &amp; Packing in der Filiale[\/vc_icon][vc_button button_color=&#8220;color-121104&#8243; size=&#8220;btn-lg&#8220; radius=&#8220;btn-circle&#8220; outline=&#8220;yes&#8220; border_width=&#8220;0&#8243; link=&#8220;url:https%3A%2F%2Ffulfillmenttools.com%2Ffulfillment-glossar-picking%2F&#8220;]Mehr erfahren[\/vc_button][\/vc_column_inner][vc_column_inner column_width_percent=&#8220;100&#8243; align_horizontal=&#8220;align_center&#8220; gutter_size=&#8220;3&#8243; overlay_alpha=&#8220;100&#8243; shift_x=&#8220;0&#8243; shift_y=&#8220;0&#8243; shift_y_down=&#8220;0&#8243; z_index=&#8220;0&#8243; medium_width=&#8220;4&#8243; mobile_width=&#8220;7&#8243; zoom_width=&#8220;0&#8243; zoom_height=&#8220;0&#8243; width=&#8220;1\/3&#8243;][vc_icon icon_image=&#8220;88292&#8243; icon_color=&#8220;color-166841&#8243; media_size=&#8220;50&#8243; text_font=&#8220;font-377884&#8243; text_size=&#8220;h4&#8243; linked_title=&#8220;yes&#8220; text_reduced=&#8220;yes&#8220; align=&#8220;left&#8220; title=&#8220;Click &amp; Collect&#8220; link=&#8220;url:https%3A%2F%2Ffulfillmenttools.com%2Fclick-and-collect%2F&#8220;]Flexibles eCommerce Fulfillment durch Abholm\u00f6glichkeit in der Filiale[\/vc_icon][vc_button button_color=&#8220;color-121104&#8243; size=&#8220;btn-lg&#8220; radius=&#8220;btn-circle&#8220; outline=&#8220;yes&#8220; border_width=&#8220;0&#8243; link=&#8220;url:https%3A%2F%2Ffulfillmenttools.com%2Fclick-and-collect%2F&#8220;]Mehr erfahren[\/vc_button][\/vc_column_inner][vc_column_inner column_width_percent=&#8220;100&#8243; align_horizontal=&#8220;align_center&#8220; gutter_size=&#8220;3&#8243; overlay_alpha=&#8220;50&#8243; shift_x=&#8220;0&#8243; shift_y=&#8220;0&#8243; shift_y_down=&#8220;0&#8243; z_index=&#8220;0&#8243; medium_width=&#8220;0&#8243; mobile_width=&#8220;0&#8243; width=&#8220;1\/3&#8243;][vc_icon icon_image=&#8220;88292&#8243; icon_color=&#8220;color-166841&#8243; media_size=&#8220;50&#8243; text_font=&#8220;font-377884&#8243; text_size=&#8220;h4&#8243; linked_title=&#8220;yes&#8220; text_reduced=&#8220;yes&#8220; align=&#8220;left&#8220; title=&#8220;Click &amp; Reserve&#8220; link=&#8220;url:https%3A%2F%2Ffulfillmenttools.com%2Ffulfillment-glossar-click-and-reserve%2F|title:Click%20%26%20Reserve&#8220;]Online Waren aussuchen und reservieren, in der Filiale abholen und bezahlen.[\/vc_icon][vc_button button_color=&#8220;color-121104&#8243; size=&#8220;btn-lg&#8220; radius=&#8220;btn-circle&#8220; outline=&#8220;yes&#8220; border_width=&#8220;0&#8243; link=&#8220;url:https%3A%2F%2Ffulfillmenttools.com%2Ffulfillment-glossar-click-and-reserve%2F|title:Click%20%26%20Reserve&#8220;]Mehr erfahren[\/vc_button][\/vc_column_inner][\/vc_row_inner][\/vc_column][\/vc_row]<\/p>\n<\/div>","protected":false},"excerpt":{"rendered":"<p>[vc_row unlock_row_content=&#8220;yes&#8220; row_height_percent=&#8220;0&#8243; override_padding=&#8220;yes&#8220; h_padding=&#8220;0&#8243; top_padding=&#8220;0&#8243; bottom_padding=&#8220;0&#8243; overlay_alpha=&#8220;50&#8243; gutter_size=&#8220;0&#8243; column_width_percent=&#8220;100&#8243; shift_y=&#8220;0&#8243; z_index=&#8220;0&#8243;][vc_column column_width_percent=&#8220;100&#8243; gutter_size=&#8220;3&#8243; override_padding=&#8220;yes&#8220; column_padding=&#8220;5&#8243; overlay_alpha=&#8220;50&#8243; shift_x=&#8220;0&#8243; shift_y=&#8220;0&#8243; shift_y_down=&#8220;0&#8243; [&hellip;]<\/p>\n","protected":false},"author":186094491,"featured_media":0,"parent":0,"menu_order":0,"comment_status":"closed","ping_status":"closed","template":"","meta":{"_acf_changed":false,"_coblocks_attr":"","_coblocks_dimensions":"","_coblocks_responsive_height":"","_coblocks_accordion_ie_support":"","_crdt_document":"","content-type":"","footnotes":""},"class_list":["post-101419","page","type-page","status-publish","hentry"],"acf":[],"jetpack_shortlink":"https:\/\/wp.me\/PbZLB5-qnN","jetpack_sharing_enabled":false,"_links":{"self":[{"href":"https:\/\/fulfillmenttools.com\/de\/wp-json\/wp\/v2\/pages\/101419","targetHints":{"allow":["GET"]}}],"collection":[{"href":"https:\/\/fulfillmenttools.com\/de\/wp-json\/wp\/v2\/pages"}],"about":[{"href":"https:\/\/fulfillmenttools.com\/de\/wp-json\/wp\/v2\/types\/page"}],"author":[{"embeddable":true,"href":"https:\/\/fulfillmenttools.com\/de\/wp-json\/wp\/v2\/users\/186094491"}],"replies":[{"embeddable":true,"href":"https:\/\/fulfillmenttools.com\/de\/wp-json\/wp\/v2\/comments?post=101419"}],"version-history":[{"count":10,"href":"https:\/\/fulfillmenttools.com\/de\/wp-json\/wp\/v2\/pages\/101419\/revisions"}],"predecessor-version":[{"id":104093,"href":"https:\/\/fulfillmenttools.com\/de\/wp-json\/wp\/v2\/pages\/101419\/revisions\/104093"}],"wp:attachment":[{"href":"https:\/\/fulfillmenttools.com\/de\/wp-json\/wp\/v2\/media?parent=101419"}],"curies":[{"name":"wp","href":"https:\/\/api.w.org\/{rel}","templated":true}]}}