{"id":101463,"date":"2023-08-02T16:19:49","date_gmt":"2023-08-02T14:19:49","guid":{"rendered":"https:\/\/fulfillmenttools.com\/?page_id=101463"},"modified":"2023-08-03T14:52:43","modified_gmt":"2023-08-03T12:52:43","slug":"fulfillment-glossar-transportation-management-system","status":"publish","type":"page","link":"https:\/\/fulfillmenttools.com\/de\/fulfillment-glossar-transportation-management-system\/","title":{"rendered":"Fulfillment Glossar &#8211; Transportation Management System (TMS)"},"content":{"rendered":"<div class=\"wpb-content-wrapper\"><p>[vc_row unlock_row_content=&#8220;yes&#8220; row_height_percent=&#8220;0&#8243; override_padding=&#8220;yes&#8220; h_padding=&#8220;0&#8243; top_padding=&#8220;0&#8243; bottom_padding=&#8220;0&#8243; overlay_alpha=&#8220;50&#8243; gutter_size=&#8220;0&#8243; column_width_percent=&#8220;100&#8243; shift_y=&#8220;0&#8243; z_index=&#8220;0&#8243;][vc_column column_width_percent=&#8220;100&#8243; gutter_size=&#8220;3&#8243; override_padding=&#8220;yes&#8220; column_padding=&#8220;5&#8243; overlay_alpha=&#8220;50&#8243; shift_x=&#8220;0&#8243; shift_y=&#8220;0&#8243; shift_y_down=&#8220;0&#8243; z_index=&#8220;0&#8243; medium_width=&#8220;0&#8243; mobile_width=&#8220;0&#8243; width=&#8220;1\/1&#8243;][vc_custom_heading heading_semantic=&#8220;h1&#8243; text_size=&#8220;&#8220; text_color=&#8220;color-121104&#8243; sub_reduced=&#8220;yes&#8220;]Transportation Management System (TMS)[\/vc_custom_heading][\/vc_column][\/vc_row][vc_row unlock_row_content=&#8220;yes&#8220; row_height_percent=&#8220;0&#8243; override_padding=&#8220;yes&#8220; h_padding=&#8220;0&#8243; top_padding=&#8220;1&#8243; bottom_padding=&#8220;2&#8243; overlay_alpha=&#8220;50&#8243; equal_height=&#8220;yes&#8220; gutter_size=&#8220;0&#8243; column_width_percent=&#8220;100&#8243; shift_y=&#8220;0&#8243; z_index=&#8220;0&#8243;][vc_column column_width_use_pixel=&#8220;yes&#8220; position_horizontal=&#8220;left&#8220; gutter_size=&#8220;3&#8243; override_padding=&#8220;yes&#8220; column_padding=&#8220;5&#8243; expand_height=&#8220;yes&#8220; overlay_alpha=&#8220;50&#8243; shift_x=&#8220;0&#8243; shift_y=&#8220;0&#8243; shift_y_down=&#8220;0&#8243; z_index=&#8220;0&#8243; medium_width=&#8220;0&#8243; mobile_width=&#8220;0&#8243; width=&#8220;1\/2&#8243; css=&#8220;.vc_custom_1639133816938{padding-top: 42px !important;}&#8220; column_width_pixel=&#8220;700&#8243;][vc_custom_heading text_color=&#8220;color-121104&#8243;]Was ist ein Transportation Management System (TMS)?[\/vc_custom_heading][vc_column_text]<span style=\"font-weight: 400;\">Ein Transportation Management System (TMS) ist eine Softwarel\u00f6sung, die von H\u00e4ndlern verwendet wird, um ihre Transport- und Logistikprozesse zu optimieren, zu koordinieren und zu verwalten. Das Hauptziel eines TMS ist es, den Transport von Waren und G\u00fctern effizienter, kosteng\u00fcnstiger und transparenter zu gestalten.<\/span><\/p>\n<p><span style=\"font-weight: 400;\">Ein TMS bietet verschiedene Funktionen und Module, um den gesamten Transportprozess zu unterst\u00fctzen. Einige der wichtigsten Merkmale eines TMS sind:<\/span><\/p>\n<ol>\n<li style=\"font-weight: 400;\" aria-level=\"1\"><span style=\"font-weight: 400;\"><strong>Routenplanung und Optimierung:<\/strong> Ein TMS hilft dabei, die besten Routen f\u00fcr den Transport von G\u00fctern zu ermitteln, um die Lieferzeiten zu verk\u00fcrzen und den Treibstoffverbrauch zu reduzieren. Es ber\u00fccksichtigt dabei Faktoren wie Entfernungen, Stra\u00dfenbedingungen, Verkehrsdaten und Lieferpriorit\u00e4ten.<\/span><\/li>\n<li aria-level=\"1\"><span style=\"font-weight: 400;\"><strong>Frachtkostenmanagement:<\/strong> Das TMS erm\u00f6glicht die effiziente Verwaltung der Frachtkosten, einschlie\u00dflich Verhandlungen mit Spediteuren, Tarifvergleichen und der \u00dcberwachung von Frachtrechnungen.<\/span><\/li>\n<li aria-level=\"1\"><span style=\"font-weight: 400;\"><strong>Sendungsverfolgung:<\/strong> Durch die Integration mit Telematik- und GPS-Technologien kann ein TMS die Echtzeitverfolgung von Sendungen erm\u00f6glichen. Dadurch k\u00f6nnen H\u00e4ndler und Kund:innen den aktuellen Status ihrer Lieferungen einsehen.<\/span><\/li>\n<li aria-level=\"1\"><span style=\"font-weight: 400;\"><strong>Lagerbestandsverwaltung:<\/strong> Einige TMS-Systeme bieten auch Lagerbestandsverwaltungsfunktionen, die es H\u00e4ndlern erm\u00f6glichen, den Lagerbestand zu \u00fcberwachen und zu optimieren, um Engp\u00e4sse zu vermeiden und die Lagerkosten zu senken.<\/span><\/li>\n<li aria-level=\"1\"><span style=\"font-weight: 400;\"><strong>Berichterstattung und Analysen:<\/strong> Ein TMS bietet umfassende Berichterstattungsfunktionen, um wichtige Leistungskennzahlen zu verfolgen und detaillierte Analysen \u00fcber den Transportbetrieb durchzuf\u00fchren. Dadurch k\u00f6nnen H\u00e4ndler Verbesserungsm\u00f6glichkeiten identifizieren und fundierte Entscheidungen treffen.<\/span><\/li>\n<li style=\"font-weight: 400;\" aria-level=\"1\"><b>Integration mit anderen Systemen:<\/b><span style=\"font-weight: 400;\"> TMS-Systeme k\u00f6nnen sich in andere Unternehmenssoftware integrieren, wie zum Beispiel Enterprise Resource Planning (ERP) oder Customer Relationship Management (CRM). Dadurch entsteht eine nahtlose Daten\u00fcbertragung und ein effizienterer Gesamtprozess.<\/span><\/li>\n<\/ol>\n<p><span style=\"font-weight: 400;\">Die Vorteile eines TMS liegen in der Steigerung der Effizienz und Produktivit\u00e4t der Transportabl\u00e4ufe, der Senkung der Transportkosten, der Verbesserung der Kund:innenzufriedenheit durch besseren Service und Transparenz sowie der Optimierung der Lagerbest\u00e4nde und des Bestandsmanagements.<\/span>[\/vc_column_text][\/vc_column][vc_column column_width_percent=&#8220;100&#8243; position_horizontal=&#8220;right&#8220; position_vertical=&#8220;middle&#8220; align_horizontal=&#8220;align_right&#8220; gutter_size=&#8220;0&#8243; override_padding=&#8220;yes&#8220; column_padding=&#8220;0&#8243; overlay_alpha=&#8220;50&#8243; shift_x=&#8220;0&#8243; shift_y=&#8220;0&#8243; shift_y_down=&#8220;0&#8243; z_index=&#8220;0&#8243; medium_width=&#8220;0&#8243; mobile_visibility=&#8220;yes&#8220; mobile_width=&#8220;0&#8243; width=&#8220;1\/2&#8243; mobile_height=&#8220;340&#8243;][vc_single_image media=&#8220;101239&#8243; media_width_percent=&#8220;70&#8243;][\/vc_column][\/vc_row][vc_row][vc_column width=&#8220;1\/3&#8243;][\/vc_column][vc_column width=&#8220;1\/3&#8243;][vc_button button_color=&#8220;color-121104&#8243; size=&#8220;btn-lg&#8220; radius=&#8220;btn-circle&#8220; border_width=&#8220;0&#8243; link=&#8220;url:https%3A%2F%2Ffulfillmenttools.com%2Ffulfillment-glossar%2F&#8220;]Zur\u00fcck zur Glossar-\u00dcbersicht[\/vc_button][\/vc_column][vc_column width=&#8220;1\/3&#8243;][\/vc_column][\/vc_row][vc_row row_height_percent=&#8220;0&#8243; override_padding=&#8220;yes&#8220; h_padding=&#8220;2&#8243; top_padding=&#8220;3&#8243; bottom_padding=&#8220;4&#8243; back_color=&#8220;color-749896&#8243; overlay_alpha=&#8220;50&#8243; gutter_size=&#8220;100&#8243; column_width_percent=&#8220;100&#8243; shift_y=&#8220;0&#8243; z_index=&#8220;0&#8243; style=&#8220;inherited&#8220; row_name=&#8220;About Us&#8220;][vc_column column_width_percent=&#8220;100&#8243; position_vertical=&#8220;middle&#8220; align_horizontal=&#8220;align_center&#8220; gutter_size=&#8220;4&#8243; overlay_alpha=&#8220;100&#8243; shift_x=&#8220;0&#8243; shift_y=&#8220;0&#8243; shift_y_down=&#8220;0&#8243; z_index=&#8220;0&#8243; medium_width=&#8220;0&#8243; mobile_width=&#8220;0&#8243; zoom_width=&#8220;0&#8243; zoom_height=&#8220;0&#8243; width=&#8220;1\/1&#8243;][vc_row_inner limit_content=&#8220;&#8220;][vc_column_inner column_width_use_pixel=&#8220;yes&#8220; align_horizontal=&#8220;align_center&#8220; gutter_size=&#8220;3&#8243; overlay_alpha=&#8220;50&#8243; shift_x=&#8220;0&#8243; shift_y=&#8220;0&#8243; shift_y_down=&#8220;0&#8243; z_index=&#8220;0&#8243; medium_width=&#8220;0&#8243; mobile_width=&#8220;0&#8243; width=&#8220;1\/1&#8243; column_width_pixel=&#8220;600&#8243;][vc_custom_heading text_font=&#8220;font-377884&#8243; text_color=&#8220;color-121104&#8243;]Das k\u00f6nnte Sie auch interessieren[\/vc_custom_heading][\/vc_column_inner][\/vc_row_inner][vc_row_inner row_inner_height_percent=&#8220;0&#8243; overlay_alpha=&#8220;100&#8243; gutter_size=&#8220;4&#8243; shift_y=&#8220;0&#8243; z_index=&#8220;0&#8243; limit_content=&#8220;&#8220;][vc_column_inner column_width_percent=&#8220;100&#8243; align_horizontal=&#8220;align_center&#8220; gutter_size=&#8220;3&#8243; overlay_alpha=&#8220;100&#8243; shift_x=&#8220;0&#8243; shift_y=&#8220;0&#8243; shift_y_down=&#8220;0&#8243; z_index=&#8220;0&#8243; medium_width=&#8220;4&#8243; mobile_width=&#8220;7&#8243; zoom_width=&#8220;0&#8243; zoom_height=&#8220;0&#8243; width=&#8220;1\/3&#8243;][vc_icon icon_image=&#8220;85552&#8243; icon_color=&#8220;color-166841&#8243; media_size=&#8220;50&#8243; text_font=&#8220;font-377884&#8243; text_size=&#8220;h4&#8243; linked_title=&#8220;yes&#8220; text_reduced=&#8220;yes&#8220; align=&#8220;left&#8220; title=&#8220;Picking&#8220; link=&#8220;url:https%3A%2F%2Ffulfillmenttools.com%2Ffulfillment-glossar-picking%2F&#8220;]Automatisiertes und schnelles Picking &amp; Packing in der Filiale[\/vc_icon][vc_button button_color=&#8220;color-121104&#8243; size=&#8220;btn-lg&#8220; radius=&#8220;btn-circle&#8220; outline=&#8220;yes&#8220; border_width=&#8220;0&#8243; link=&#8220;url:https%3A%2F%2Ffulfillmenttools.com%2Ffulfillment-glossar-picking%2F&#8220;]Mehr erfahren[\/vc_button][\/vc_column_inner][vc_column_inner column_width_percent=&#8220;100&#8243; align_horizontal=&#8220;align_center&#8220; gutter_size=&#8220;3&#8243; overlay_alpha=&#8220;100&#8243; shift_x=&#8220;0&#8243; shift_y=&#8220;0&#8243; shift_y_down=&#8220;0&#8243; z_index=&#8220;0&#8243; medium_width=&#8220;4&#8243; mobile_width=&#8220;7&#8243; zoom_width=&#8220;0&#8243; zoom_height=&#8220;0&#8243; width=&#8220;1\/3&#8243;][vc_icon icon_image=&#8220;88292&#8243; icon_color=&#8220;color-166841&#8243; media_size=&#8220;50&#8243; text_font=&#8220;font-377884&#8243; text_size=&#8220;h4&#8243; linked_title=&#8220;yes&#8220; text_reduced=&#8220;yes&#8220; align=&#8220;left&#8220; title=&#8220;Click &amp; Collect&#8220; link=&#8220;url:https%3A%2F%2Ffulfillmenttools.com%2Fclick-and-collect%2F&#8220;]Flexibles eCommerce Fulfillment durch Abholm\u00f6glichkeit in der Filiale[\/vc_icon][vc_button button_color=&#8220;color-121104&#8243; size=&#8220;btn-lg&#8220; radius=&#8220;btn-circle&#8220; outline=&#8220;yes&#8220; border_width=&#8220;0&#8243; link=&#8220;url:https%3A%2F%2Ffulfillmenttools.com%2Fclick-and-collect%2F&#8220;]Mehr erfahren[\/vc_button][\/vc_column_inner][vc_column_inner column_width_percent=&#8220;100&#8243; align_horizontal=&#8220;align_center&#8220; gutter_size=&#8220;3&#8243; overlay_alpha=&#8220;50&#8243; shift_x=&#8220;0&#8243; shift_y=&#8220;0&#8243; shift_y_down=&#8220;0&#8243; z_index=&#8220;0&#8243; medium_width=&#8220;0&#8243; mobile_width=&#8220;0&#8243; width=&#8220;1\/3&#8243;][vc_icon icon_image=&#8220;88292&#8243; icon_color=&#8220;color-166841&#8243; media_size=&#8220;50&#8243; text_font=&#8220;font-377884&#8243; text_size=&#8220;h4&#8243; linked_title=&#8220;yes&#8220; text_reduced=&#8220;yes&#8220; align=&#8220;left&#8220; title=&#8220;Click &amp; Reserve&#8220; link=&#8220;url:https%3A%2F%2Ffulfillmenttools.com%2Ffulfillment-glossar-click-and-reserve%2F|title:Click%20%26%20Reserve&#8220;]Online Waren aussuchen und reservieren, in der Filiale abholen und bezahlen.[\/vc_icon][vc_button button_color=&#8220;color-121104&#8243; size=&#8220;btn-lg&#8220; radius=&#8220;btn-circle&#8220; outline=&#8220;yes&#8220; border_width=&#8220;0&#8243; link=&#8220;url:https%3A%2F%2Ffulfillmenttools.com%2Ffulfillment-glossar-click-and-reserve%2F|title:Click%20%26%20Reserve&#8220;]Mehr erfahren[\/vc_button][\/vc_column_inner][\/vc_row_inner][\/vc_column][\/vc_row]<\/p>\n<\/div>","protected":false},"excerpt":{"rendered":"<p>[vc_row unlock_row_content=&#8220;yes&#8220; row_height_percent=&#8220;0&#8243; override_padding=&#8220;yes&#8220; h_padding=&#8220;0&#8243; top_padding=&#8220;0&#8243; bottom_padding=&#8220;0&#8243; overlay_alpha=&#8220;50&#8243; gutter_size=&#8220;0&#8243; column_width_percent=&#8220;100&#8243; shift_y=&#8220;0&#8243; z_index=&#8220;0&#8243;][vc_column column_width_percent=&#8220;100&#8243; gutter_size=&#8220;3&#8243; override_padding=&#8220;yes&#8220; column_padding=&#8220;5&#8243; overlay_alpha=&#8220;50&#8243; shift_x=&#8220;0&#8243; shift_y=&#8220;0&#8243; shift_y_down=&#8220;0&#8243; [&hellip;]<\/p>\n","protected":false},"author":186094491,"featured_media":0,"parent":0,"menu_order":0,"comment_status":"closed","ping_status":"closed","template":"","meta":{"_acf_changed":false,"_coblocks_attr":"","_coblocks_dimensions":"","_coblocks_responsive_height":"","_coblocks_accordion_ie_support":"","_crdt_document":"","content-type":"","footnotes":""},"class_list":["post-101463","page","type-page","status-publish","hentry"],"acf":[],"jetpack_shortlink":"https:\/\/wp.me\/PbZLB5-qov","jetpack_sharing_enabled":false,"_links":{"self":[{"href":"https:\/\/fulfillmenttools.com\/de\/wp-json\/wp\/v2\/pages\/101463","targetHints":{"allow":["GET"]}}],"collection":[{"href":"https:\/\/fulfillmenttools.com\/de\/wp-json\/wp\/v2\/pages"}],"about":[{"href":"https:\/\/fulfillmenttools.com\/de\/wp-json\/wp\/v2\/types\/page"}],"author":[{"embeddable":true,"href":"https:\/\/fulfillmenttools.com\/de\/wp-json\/wp\/v2\/users\/186094491"}],"replies":[{"embeddable":true,"href":"https:\/\/fulfillmenttools.com\/de\/wp-json\/wp\/v2\/comments?post=101463"}],"version-history":[{"count":6,"href":"https:\/\/fulfillmenttools.com\/de\/wp-json\/wp\/v2\/pages\/101463\/revisions"}],"predecessor-version":[{"id":101513,"href":"https:\/\/fulfillmenttools.com\/de\/wp-json\/wp\/v2\/pages\/101463\/revisions\/101513"}],"wp:attachment":[{"href":"https:\/\/fulfillmenttools.com\/de\/wp-json\/wp\/v2\/media?parent=101463"}],"curies":[{"name":"wp","href":"https:\/\/api.w.org\/{rel}","templated":true}]}}