{"id":101504,"date":"2023-08-03T16:02:28","date_gmt":"2023-08-03T14:02:28","guid":{"rendered":"https:\/\/fulfillmenttools.com\/?page_id=101504"},"modified":"2024-02-16T16:08:59","modified_gmt":"2024-02-16T15:08:59","slug":"blog","status":"publish","type":"page","link":"https:\/\/fulfillmenttools.com\/de\/blog\/","title":{"rendered":"Blog"},"content":{"rendered":"<div class=\"wpb-content-wrapper\"><p>[vc_row row_height_percent=&#8220;51&#8243; override_padding=&#8220;yes&#8220; h_padding=&#8220;3&#8243; top_padding=&#8220;0&#8243; bottom_padding=&#8220;0&#8243; back_color=&#8220;color-121104&#8243; overlay_alpha=&#8220;50&#8243; gutter_size=&#8220;1&#8243; column_width_percent=&#8220;100&#8243; shift_y=&#8220;0&#8243; z_index=&#8220;0&#8243; top_divider=&#8220;gradient&#8220; uncode_shortcode_id=&#8220;560101&#8243; back_color_type=&#8220;uncode-palette&#8220;][vc_column column_width_percent=&#8220;100&#8243; position_horizontal=&#8220;right&#8220; position_vertical=&#8220;middle&#8220; gutter_size=&#8220;3&#8243; override_padding=&#8220;yes&#8220; column_padding=&#8220;0&#8243; style=&#8220;dark&#8220; overlay_alpha=&#8220;50&#8243; shift_x=&#8220;0&#8243; shift_y=&#8220;0&#8243; shift_y_down=&#8220;0&#8243; z_index=&#8220;0&#8243; medium_width=&#8220;0&#8243; mobile_width=&#8220;7&#8243; width=&#8220;2\/6&#8243; mobile_height=&#8220;400&#8243;][vc_custom_heading heading_semantic=&#8220;h1&#8243; text_size=&#8220;h1&#8243; text_color=&#8220;color-166841&#8243; sub_lead=&#8220;yes&#8220;]fulfillmenttools Blog[\/vc_custom_heading][vc_custom_heading]Insights zu Order Management, Retail Tech &amp; Corporate Culture[\/vc_custom_heading][\/vc_column][vc_column column_width_percent=&#8220;100&#8243; position_horizontal=&#8220;right&#8220; position_vertical=&#8220;bottom&#8220; align_horizontal=&#8220;align_right&#8220; gutter_size=&#8220;2&#8243; override_padding=&#8220;yes&#8220; column_padding=&#8220;0&#8243; overlay_alpha=&#8220;50&#8243; shift_x=&#8220;0&#8243; shift_y=&#8220;0&#8243; shift_y_down=&#8220;0&#8243; z_index=&#8220;0&#8243; medium_width=&#8220;0&#8243; align_mobile=&#8220;align_left_mobile&#8220; mobile_width=&#8220;7&#8243; width=&#8220;4\/6&#8243;][vc_single_image media=&#8220;101803&#8243; media_width_percent=&#8220;80&#8243; alignment=&#8220;right&#8220;][\/vc_column][\/vc_row][vc_row row_height_percent=&#8220;0&#8243; override_padding=&#8220;yes&#8220; h_padding=&#8220;3&#8243; top_padding=&#8220;4&#8243; bottom_padding=&#8220;4&#8243; back_color=&#8220;color-749896&#8243; overlay_alpha=&#8220;50&#8243; gutter_size=&#8220;1&#8243; column_width_percent=&#8220;100&#8243; shift_y=&#8220;0&#8243; z_index=&#8220;0&#8243;][vc_column column_width_percent=&#8220;100&#8243; gutter_size=&#8220;4&#8243; overlay_alpha=&#8220;50&#8243; shift_x=&#8220;0&#8243; shift_y=&#8220;0&#8243; shift_y_down=&#8220;0&#8243; z_index=&#8220;0&#8243; medium_width=&#8220;0&#8243; mobile_width=&#8220;0&#8243; width=&#8220;1\/1&#8243;][vc_raw_html]JTVCY2NfcG9zdHMlNUQ=[\/vc_raw_html][\/vc_column][\/vc_row][vc_row row_height_percent=&#8220;0&#8243; override_padding=&#8220;yes&#8220; h_padding=&#8220;3&#8243; top_padding=&#8220;5&#8243; bottom_padding=&#8220;2&#8243; back_color=&#8220;color-749896&#8243; overlay_alpha=&#8220;50&#8243; gutter_size=&#8220;3&#8243; column_width_percent=&#8220;100&#8243; shift_y=&#8220;0&#8243; z_index=&#8220;0&#8243;][vc_column width=&#8220;1\/1&#8243;][vc_custom_heading text_color=&#8220;color-121104&#8243;]Mehr zu fulfillmenttools[\/vc_custom_heading][\/vc_column][\/vc_row][vc_row row_height_percent=&#8220;0&#8243; override_padding=&#8220;yes&#8220; h_padding=&#8220;3&#8243; top_padding=&#8220;1&#8243; bottom_padding=&#8220;5&#8243; back_color=&#8220;color-749896&#8243; overlay_alpha=&#8220;50&#8243; equal_height=&#8220;yes&#8220; gutter_size=&#8220;4&#8243; column_width_percent=&#8220;100&#8243; shift_y=&#8220;0&#8243; z_index=&#8220;0&#8243; el_class=&#8220;inverted-device-order&#8220;][vc_column column_width_percent=&#8220;100&#8243; align_horizontal=&#8220;align_center&#8220; gutter_size=&#8220;1&#8243; override_padding=&#8220;yes&#8220; column_padding=&#8220;0&#8243; back_color=&#8220;color-xsdn&#8220; overlay_alpha=&#8220;50&#8243; shift_x=&#8220;0&#8243; shift_y=&#8220;0&#8243; shift_y_down=&#8220;0&#8243; z_index=&#8220;0&#8243; medium_width=&#8220;0&#8243; mobile_width=&#8220;0&#8243; width=&#8220;1\/3&#8243;][vc_single_image media=&#8220;95687&#8243; media_width_percent=&#8220;100&#8243; media_ratio=&#8220;sixteen-nine&#8220;][vc_row_inner limit_content=&#8220;&#8220;][vc_column_inner column_width_percent=&#8220;100&#8243; align_horizontal=&#8220;align_center&#8220; gutter_size=&#8220;3&#8243; override_padding=&#8220;yes&#8220; column_padding=&#8220;2&#8243; overlay_alpha=&#8220;50&#8243; shift_x=&#8220;0&#8243; shift_y=&#8220;0&#8243; shift_y_down=&#8220;0&#8243; z_index=&#8220;0&#8243; medium_width=&#8220;0&#8243; mobile_width=&#8220;0&#8243; width=&#8220;1\/1&#8243;][vc_custom_heading heading_semantic=&#8220;h3&#8243; text_size=&#8220;h4&#8243; text_color=&#8220;color-166841&#8243; subheading=&#8220;Lesen Sie sich \u00fcber alles Wichtige rund um flexible Fulfillment-Prozesse und erhalten wertvolle Praxistipps zur Realisierung der verschiedenen Use Cases.&#8220;]Whitepaper: Unser Omnichannel Fulfillment Infohub[\/vc_custom_heading][vc_button button_color=&#8220;color-121104&#8243; size=&#8220;btn-lg&#8220; radius=&#8220;btn-circle&#8220; hover_fx=&#8220;outlined&#8220; outline=&#8220;yes&#8220; border_width=&#8220;0&#8243; link=&#8220;url:https%3A%2F%2Ffulfillmenttools.com%2Fwhitepaper%2F&#8220;]Zu den Whitepapern[\/vc_button][\/vc_column_inner][\/vc_row_inner][\/vc_column][vc_column column_width_percent=&#8220;100&#8243; align_horizontal=&#8220;align_center&#8220; gutter_size=&#8220;1&#8243; override_padding=&#8220;yes&#8220; column_padding=&#8220;0&#8243; back_color=&#8220;color-xsdn&#8220; overlay_alpha=&#8220;50&#8243; shift_x=&#8220;0&#8243; shift_y=&#8220;0&#8243; shift_y_down=&#8220;0&#8243; z_index=&#8220;0&#8243; medium_width=&#8220;0&#8243; mobile_width=&#8220;0&#8243; width=&#8220;1\/3&#8243;][vc_single_image media=&#8220;101975&#8243; media_width_percent=&#8220;100&#8243; media_ratio=&#8220;sixteen-nine&#8220;][vc_row_inner limit_content=&#8220;&#8220;][vc_column_inner column_width_percent=&#8220;100&#8243; align_horizontal=&#8220;align_center&#8220; gutter_size=&#8220;3&#8243; override_padding=&#8220;yes&#8220; column_padding=&#8220;2&#8243; overlay_alpha=&#8220;50&#8243; shift_x=&#8220;0&#8243; shift_y=&#8220;0&#8243; shift_y_down=&#8220;0&#8243; z_index=&#8220;0&#8243; medium_width=&#8220;0&#8243; mobile_width=&#8220;0&#8243; width=&#8220;1\/1&#8243;][vc_custom_heading heading_semantic=&#8220;h3&#8243; text_size=&#8220;h4&#8243; text_color=&#8220;color-166841&#8243; subheading=&#8220;Informieren Sie sich \u00fcber die entscheidenden Omnichannel Fulfillment Services und gewinnen Markt Insights f\u00fcr Ihre Branche und dar\u00fcber hinaus.&#8220;]Infografiken: Spannende Zahlen, Daten, Fakten im eCommerce[\/vc_custom_heading][vc_button button_color=&#8220;color-121104&#8243; size=&#8220;btn-lg&#8220; radius=&#8220;btn-circle&#8220; hover_fx=&#8220;outlined&#8220; outline=&#8220;yes&#8220; border_width=&#8220;0&#8243; link=&#8220;url:https%3A%2F%2Ffulfillmenttools.com%2Finfografiken%2F&#8220;]Zu den Infografiken[\/vc_button][\/vc_column_inner][\/vc_row_inner][\/vc_column][vc_column column_width_percent=&#8220;100&#8243; align_horizontal=&#8220;align_center&#8220; gutter_size=&#8220;1&#8243; override_padding=&#8220;yes&#8220; column_padding=&#8220;0&#8243; back_color=&#8220;color-xsdn&#8220; overlay_alpha=&#8220;50&#8243; shift_x=&#8220;0&#8243; shift_y=&#8220;0&#8243; shift_y_down=&#8220;0&#8243; z_index=&#8220;0&#8243; medium_width=&#8220;0&#8243; mobile_width=&#8220;0&#8243; width=&#8220;1\/3&#8243;][vc_single_image media=&#8220;96338&#8243; media_width_percent=&#8220;100&#8243; media_ratio=&#8220;sixteen-nine&#8220;][vc_row_inner limit_content=&#8220;&#8220;][vc_column_inner column_width_percent=&#8220;100&#8243; align_horizontal=&#8220;align_center&#8220; gutter_size=&#8220;3&#8243; override_padding=&#8220;yes&#8220; column_padding=&#8220;2&#8243; overlay_alpha=&#8220;50&#8243; shift_x=&#8220;0&#8243; shift_y=&#8220;0&#8243; shift_y_down=&#8220;0&#8243; z_index=&#8220;0&#8243; medium_width=&#8220;0&#8243; mobile_width=&#8220;0&#8243; width=&#8220;1\/1&#8243;][vc_custom_heading heading_semantic=&#8220;h3&#8243; text_size=&#8220;h4&#8243; text_color=&#8220;color-166841&#8243; subheading=&#8220;Werde Teil unserer #nerdherd! Egal ob, Vertrieb, Marketing, Recruiting oder im Produkt &amp; Technologie-Bereich \u2013 wir freuen uns auf deine Bewerbung.&#8220;]Join the team: Gestalte mit uns die Digitalisierung der Retail-Branche[\/vc_custom_heading][vc_button button_color=&#8220;color-121104&#8243; size=&#8220;btn-lg&#8220; radius=&#8220;btn-circle&#8220; hover_fx=&#8220;outlined&#8220; outline=&#8220;yes&#8220; border_width=&#8220;0&#8243; link=&#8220;url:https%3A%2F%2Frewe-digital.dvinci-hr.com%2Fde%2Fp%2Ffulfillmenttools%2Fjobs|target:_blank&#8220;]Zur den Jobs[\/vc_button][\/vc_column_inner][\/vc_row_inner][\/vc_column][\/vc_row]<\/p>\n<\/div>","protected":false},"excerpt":{"rendered":"<p>[vc_row row_height_percent=&#8220;51&#8243; override_padding=&#8220;yes&#8220; h_padding=&#8220;3&#8243; top_padding=&#8220;0&#8243; bottom_padding=&#8220;0&#8243; back_color=&#8220;color-121104&#8243; overlay_alpha=&#8220;50&#8243; gutter_size=&#8220;1&#8243; column_width_percent=&#8220;100&#8243; shift_y=&#8220;0&#8243; z_index=&#8220;0&#8243; top_divider=&#8220;gradient&#8220; uncode_shortcode_id=&#8220;560101&#8243; back_color_type=&#8220;uncode-palette&#8220;][vc_column column_width_percent=&#8220;100&#8243; position_horizontal=&#8220;right&#8220; position_vertical=&#8220;middle&#8220; gutter_size=&#8220;3&#8243; override_padding=&#8220;yes&#8220; [&hellip;]<\/p>\n","protected":false},"author":186094497,"featured_media":0,"parent":0,"menu_order":0,"comment_status":"closed","ping_status":"closed","template":"","meta":{"_acf_changed":false,"_coblocks_attr":"","_coblocks_dimensions":"","_coblocks_responsive_height":"","_coblocks_accordion_ie_support":"","_crdt_document":"","content-type":"","footnotes":""},"class_list":["post-101504","page","type-page","status-publish","hentry"],"acf":[],"jetpack_shortlink":"https:\/\/wp.me\/PbZLB5-qpa","jetpack_sharing_enabled":false,"_links":{"self":[{"href":"https:\/\/fulfillmenttools.com\/de\/wp-json\/wp\/v2\/pages\/101504","targetHints":{"allow":["GET"]}}],"collection":[{"href":"https:\/\/fulfillmenttools.com\/de\/wp-json\/wp\/v2\/pages"}],"about":[{"href":"https:\/\/fulfillmenttools.com\/de\/wp-json\/wp\/v2\/types\/page"}],"author":[{"embeddable":true,"href":"https:\/\/fulfillmenttools.com\/de\/wp-json\/wp\/v2\/users\/186094497"}],"replies":[{"embeddable":true,"href":"https:\/\/fulfillmenttools.com\/de\/wp-json\/wp\/v2\/comments?post=101504"}],"version-history":[{"count":42,"href":"https:\/\/fulfillmenttools.com\/de\/wp-json\/wp\/v2\/pages\/101504\/revisions"}],"predecessor-version":[{"id":105557,"href":"https:\/\/fulfillmenttools.com\/de\/wp-json\/wp\/v2\/pages\/101504\/revisions\/105557"}],"wp:attachment":[{"href":"https:\/\/fulfillmenttools.com\/de\/wp-json\/wp\/v2\/media?parent=101504"}],"curies":[{"name":"wp","href":"https:\/\/api.w.org\/{rel}","templated":true}]}}