{"id":105690,"date":"2024-02-28T15:13:32","date_gmt":"2024-02-28T14:13:32","guid":{"rendered":"https:\/\/fulfillmenttools.com\/?page_id=105690"},"modified":"2025-05-08T10:55:01","modified_gmt":"2025-05-08T08:55:01","slug":"product-demo-videos","status":"publish","type":"page","link":"https:\/\/fulfillmenttools.com\/de\/product-demo-videos\/","title":{"rendered":"Product Demo Videos"},"content":{"rendered":"<div class=\"wpb-content-wrapper\"><p>[vc_row row_height_percent=&#8220;0&#8243; override_padding=&#8220;yes&#8220; h_padding=&#8220;3&#8243; top_padding=&#8220;3&#8243; bottom_padding=&#8220;0&#8243; overlay_alpha=&#8220;50&#8243; gutter_size=&#8220;3&#8243; column_width_percent=&#8220;100&#8243; shift_y=&#8220;0&#8243; z_index=&#8220;0&#8243; css=&#8220;.vc_custom_1598959022789{margin-bottom: 0px !important;padding-bottom: 0px !important;}&#8220;][vc_column column_width_percent=&#8220;100&#8243; gutter_size=&#8220;3&#8243; override_padding=&#8220;yes&#8220; column_padding=&#8220;0&#8243; overlay_alpha=&#8220;50&#8243; shift_x=&#8220;0&#8243; shift_y=&#8220;0&#8243; shift_y_down=&#8220;0&#8243; z_index=&#8220;0&#8243; medium_width=&#8220;0&#8243; mobile_width=&#8220;0&#8243; width=&#8220;1\/1&#8243; css=&#8220;.vc_custom_1598616946282{padding-bottom: 0px !important;}&#8220;][vc_custom_heading heading_semantic=&#8220;h1&#8243; text_size=&#8220;h1&#8243; text_color=&#8220;color-121104&#8243;]Product Demo Videos[\/vc_custom_heading][\/vc_column][\/vc_row][vc_row row_height_percent=&#8220;0&#8243; override_padding=&#8220;yes&#8220; h_padding=&#8220;3&#8243; top_padding=&#8220;2&#8243; bottom_padding=&#8220;4&#8243; overlay_alpha=&#8220;50&#8243; equal_height=&#8220;yes&#8220; gutter_size=&#8220;4&#8243; column_width_percent=&#8220;100&#8243; shift_y=&#8220;0&#8243; z_index=&#8220;0&#8243;][vc_column column_width_percent=&#8220;100&#8243; align_horizontal=&#8220;align_center&#8220; gutter_size=&#8220;3&#8243; overlay_alpha=&#8220;50&#8243; shift_x=&#8220;0&#8243; shift_y=&#8220;0&#8243; shift_y_down=&#8220;0&#8243; z_index=&#8220;0&#8243; medium_width=&#8220;0&#8243; mobile_width=&#8220;0&#8243; width=&#8220;1\/3&#8243;][vc_single_image media=&#8220;110262&#8243; media_width_percent=&#8220;100&#8243; media_ratio=&#8220;sixteen-nine&#8220;][vc_custom_heading heading_semantic=&#8220;h3&#8243; text_size=&#8220;h4&#8243; text_color=&#8220;color-166841&#8243; subheading=&#8220;In sehr komplexen Umfeldern reicht das Anlegen eines einzelnen Regelsets oft nicht aus, um der Komplexit\u00e4t gerecht zu werden und den Use Case zufriedenstellend abzudecken. Mit unserer Funktion Routing Strategy k\u00f6nnen Sie eine beliebige Anzahl von verschiedenen kontextbezogenen Regelsets innerhalb einer zentralen Konfiguration einrichten. Erfahren Sie, wie unsere Routing Strategy innerhalb unseres Distributed Order Management Systems (DOMS) funktioniert.&#8220;]fulfillmenttools L\u00f6sungen: Wie die Routing Strategy funktioniert[\/vc_custom_heading][\/vc_column][vc_column column_width_percent=&#8220;100&#8243; align_horizontal=&#8220;align_center&#8220; gutter_size=&#8220;3&#8243; overlay_alpha=&#8220;50&#8243; shift_x=&#8220;0&#8243; shift_y=&#8220;0&#8243; shift_y_down=&#8220;0&#8243; z_index=&#8220;0&#8243; medium_width=&#8220;0&#8243; mobile_width=&#8220;0&#8243; width=&#8220;1\/3&#8243;][vc_single_image media=&#8220;106722&#8243; media_width_percent=&#8220;100&#8243; media_ratio=&#8220;sixteen-nine&#8220;][vc_custom_heading heading_semantic=&#8220;h3&#8243; text_size=&#8220;h4&#8243; text_color=&#8220;color-166841&#8243; subheading=&#8220;Das fulfillmenttools Distributed Order Management System (DOMS) hilft Ihnen, den Kund:innen- und Markt-Anspr\u00fcchen gerecht zu werden und eine nahtlose Omnichannel-Welt von Checkout \u00fcber Order Routing &amp; Administration bis hin zum Versand oder der \u00dcbergabe an die Kund:innen zu schaffen. Es greift auf das komplette Fulfillment-Netzwerk aus Zentrallagern, Filialen, Dark Stores, Micro Hubs, Dropshippern etc. zu und erm\u00f6glicht es, Bestellungen bestm\u00f6glich und basierend auf Ihren individuellen Zielen abzuwickeln.<br \/>\nUnser Solution Consultant Andreas Runschke erkl\u00e4rt in diesem Beitrag, wie unser DOMS funktioniert.&#8220;]fulfillmenttools L\u00f6sungen: Wie unser Distributed Order Management System (DOMS) funktioniert[\/vc_custom_heading][\/vc_column][vc_column column_width_percent=&#8220;100&#8243; align_horizontal=&#8220;align_center&#8220; gutter_size=&#8220;3&#8243; overlay_alpha=&#8220;50&#8243; shift_x=&#8220;0&#8243; shift_y=&#8220;0&#8243; shift_y_down=&#8220;0&#8243; z_index=&#8220;0&#8243; medium_width=&#8220;0&#8243; mobile_width=&#8220;0&#8243; width=&#8220;1\/3&#8243;][vc_single_image media=&#8220;103826&#8243; media_width_percent=&#8220;100&#8243; media_ratio=&#8220;sixteen-nine&#8220;][vc_custom_heading heading_semantic=&#8220;h3&#8243; text_size=&#8220;h4&#8243; text_color=&#8220;color-166841&#8243; subheading=&#8220;Erfahren Sie von Andreas Runschke, wie unser Global Inventory als wichtiger Bestandteil unseres Inventory Managements funktioniert.<\/p>\n<p>Im Handel kommt es nicht darauf an, dass Waren immer und \u00fcberall verf\u00fcgbar sind. Entscheidend ist, dass die Nachfrage jederzeit bedient werden kann. Mit dem Inventory Management von fulfillmenttools schaffen Sie volle Transparenz \u00fcber die Best\u00e4nde in den Filialien, Zentrallagern, Dark Stores etc. und k\u00f6nnen Ihren Warenbestand bedarfsgerecht orchestrieren. So stellen Sie sicher, dass die gew\u00fcnschte Ware p\u00fcnktlich zur Abholung oder Lieferung bereitsteht.&#8220;]fulfillmenttools L\u00f6sungen: Wie unser Global Inventory funktioniert[\/vc_custom_heading][\/vc_column][\/vc_row][vc_row][vc_column column_width_percent=&#8220;100&#8243; align_horizontal=&#8220;align_center&#8220; gutter_size=&#8220;3&#8243; overlay_alpha=&#8220;50&#8243; shift_x=&#8220;0&#8243; shift_y=&#8220;0&#8243; shift_y_down=&#8220;0&#8243; z_index=&#8220;0&#8243; medium_width=&#8220;0&#8243; mobile_width=&#8220;0&#8243; width=&#8220;1\/3&#8243;][vc_single_image media=&#8220;107094&#8243; media_width_percent=&#8220;100&#8243; media_ratio=&#8220;sixteen-nine&#8220;][vc_custom_heading heading_semantic=&#8220;h3&#8243; text_size=&#8220;h4&#8243; text_color=&#8220;color-166841&#8243; subheading=&#8220;In unserem Video aus der Reihe &#8222;fulfillmenttools L\u00f6sungen&#8222;, widmen wir uns dem Store Fulfillment, erkl\u00e4rt von unserem Solution Consultant Andreas Runschke.<\/p>\n<p>Optimieren Sie Ihre Picking-Prozesse: Mit den fulfillmenttools-L\u00f6sungen werden die eCommerce-Fulfillment-Abl\u00e4ufe in Ihren Filialen und Lagern digital unterst\u00fctzt und automatisiert \u2013 so vereinfachen Sie Ihre Arbeitsschritte und sparen sowohl Zeit als auch Kosten.&#8220;]fulfillmenttools L\u00f6sungen: Wie unser Order Fulfillment funktioniert[\/vc_custom_heading][\/vc_column][vc_column column_width_percent=&#8220;100&#8243; align_horizontal=&#8220;align_center&#8220; gutter_size=&#8220;3&#8243; overlay_alpha=&#8220;50&#8243; shift_x=&#8220;0&#8243; shift_y=&#8220;0&#8243; shift_y_down=&#8220;0&#8243; z_index=&#8220;0&#8243; medium_width=&#8220;0&#8243; mobile_width=&#8220;0&#8243; width=&#8220;1\/3&#8243;][vc_single_image media=&#8220;105778&#8243; media_width_percent=&#8220;100&#8243;][vc_custom_heading heading_semantic=&#8220;h3&#8243; text_size=&#8220;h4&#8243; text_color=&#8220;color-166841&#8243; subheading=&#8220;Erfahren Sie, wie das DOMS Toolkit in unserem Distributed Order Management System (DOMS) funktioniert. Mit unserem DOMS Toolkit ist die Konfiguration von Ratings und Fences innerhalb des DOMS noch einfacher als bisher.<\/p>\n<p>Das fulfillmenttools Distributed Order Management System hilft Ihnen, den Kund:innen- und Markt-Anspr\u00fcchen gerecht zu werden und eine nahtlose Omnichannel-Welt von Checkout \u00fcber Order Routing &amp; Administration bis hin zum Versand oder der \u00dcbergabe an die Kund:innen zu schaffen. Es greift auf das komplette Fulfillment-Netzwerk aus Zentrallagern, Filialen, Dark Stores, Micro Hubs, Dropshippern etc. zu und erm\u00f6glicht es, Bestellungen bestm\u00f6glich und basierend auf Ihren individuellen Zielen abzuwickeln.&#8220;]fulfillmenttools L\u00f6sungen: Wie unser DOMS Toolkit funktioniert[\/vc_custom_heading][\/vc_column][vc_column column_width_percent=&#8220;100&#8243; align_horizontal=&#8220;align_center&#8220; gutter_size=&#8220;3&#8243; overlay_alpha=&#8220;50&#8243; shift_x=&#8220;0&#8243; shift_y=&#8220;0&#8243; shift_y_down=&#8220;0&#8243; z_index=&#8220;0&#8243; medium_width=&#8220;0&#8243; mobile_width=&#8220;0&#8243; width=&#8220;1\/3&#8243;][vc_single_image media=&#8220;105767&#8243; media_width_percent=&#8220;100&#8243;][vc_custom_heading heading_semantic=&#8220;h3&#8243; text_size=&#8220;h4&#8243; text_color=&#8220;color-166841&#8243; subheading=&#8220;Unsere Inventory App unterst\u00fctzt Ihre operativen Lagerprozesse an den verschiedenen Standorten &#8211; egal, ob Filiale, Lager, Dark Store etc. So behalten Sie die \u00dcbersicht \u00fcber geplanten Wareneingang, werden bei der Warenannahme und der Umlagerung unterst\u00fctzt und haben jederzeit den \u00dcberblick \u00fcber Ihren Lagerstandort.<\/p>\n<p>Mit dem Inventory Management von fulfillmenttools schaffen Sie volle Transparenz \u00fcber die Best\u00e4nde in den Filialien, Zentrallagern, Dark Stores etc. und k\u00f6nnen Ihren Warenbestand bedarfsgerecht orchestrieren. So stellen Sie sicher, dass die gew\u00fcnschte Ware p\u00fcnktlich zur Abholung oder Lieferung bereitsteht.&#8220;]fulfillmenttools L\u00f6sungen: Wie unsere Inventory App funktioniert[\/vc_custom_heading][\/vc_column][\/vc_row][vc_row][vc_column column_width_percent=&#8220;100&#8243; align_horizontal=&#8220;align_center&#8220; gutter_size=&#8220;3&#8243; overlay_alpha=&#8220;50&#8243; shift_x=&#8220;0&#8243; shift_y=&#8220;0&#8243; shift_y_down=&#8220;0&#8243; z_index=&#8220;0&#8243; medium_width=&#8220;0&#8243; mobile_width=&#8220;0&#8243; width=&#8220;1\/3&#8243;][vc_single_image media=&#8220;107096&#8243; media_width_percent=&#8220;100&#8243;][vc_custom_heading heading_semantic=&#8220;h3&#8243; text_size=&#8220;h4&#8243; text_color=&#8220;color-166841&#8243; subheading=&#8220;Kund:innen lieben die Vorteile von Click &amp; Collect. Sie freuen sich \u00fcber mehr Flexibilit\u00e4t und Transparenz im Shopping-Prozess, eine Ersparnis der Versandkosten und weniger Zeitaufwand f\u00fcr die Produktsuche in der Filiale. Solution Consultant Andreas Runschke erkl\u00e4rt Ihnen, wie der Click &amp; Collect Prozess mit unserer L\u00f6sung funktioniert.&#8220;]fulfillmenttools L\u00f6sungen: Wie Click &amp; Collect mit unserer L\u00f6sung funktioniert[\/vc_custom_heading][\/vc_column][vc_column column_width_percent=&#8220;100&#8243; align_horizontal=&#8220;align_center&#8220; gutter_size=&#8220;3&#8243; overlay_alpha=&#8220;50&#8243; shift_x=&#8220;0&#8243; shift_y=&#8220;0&#8243; shift_y_down=&#8220;0&#8243; z_index=&#8220;0&#8243; medium_width=&#8220;0&#8243; mobile_width=&#8220;0&#8243; width=&#8220;1\/3&#8243;][vc_single_image media=&#8220;107100&#8243; media_width_percent=&#8220;100&#8243;][vc_custom_heading heading_semantic=&#8220;h3&#8243; text_size=&#8220;h4&#8243; text_color=&#8220;color-166841&#8243; subheading=&#8220;In unserem dritten Video zu unserem Distributed Order Management System (DOMS) geht Solution Consultant Andreas Runschke auf verschiedene M\u00f6glichkeiten zur Konfiguration des DOMS ein, wenn es im Rahmen des Routings zu Hindernissen kommt.&#8220;]fulfillmenttools L\u00f6sungen: Wie Sie unser DOMS konfigurieren[\/vc_custom_heading][\/vc_column][vc_column width=&#8220;1\/3&#8243;][\/vc_column][\/vc_row][vc_row][vc_column width=&#8220;1\/1&#8243;][uncode_block id=&#8220;105516&#8243;][\/vc_column][\/vc_row][vc_row row_height_percent=&#8220;0&#8243; back_color=&#8220;color-166841&#8243; overlay_alpha=&#8220;50&#8243; gutter_size=&#8220;3&#8243; column_width_percent=&#8220;100&#8243; shift_y=&#8220;0&#8243; z_index=&#8220;0&#8243;][vc_column width=&#8220;1\/1&#8243;][uncode_block id=&#8220;84978&#8243;][\/vc_column][\/vc_row]<\/p>\n<\/div>","protected":false},"excerpt":{"rendered":"<p>[vc_row row_height_percent=&#8220;0&#8243; override_padding=&#8220;yes&#8220; h_padding=&#8220;3&#8243; top_padding=&#8220;3&#8243; bottom_padding=&#8220;0&#8243; overlay_alpha=&#8220;50&#8243; gutter_size=&#8220;3&#8243; column_width_percent=&#8220;100&#8243; shift_y=&#8220;0&#8243; z_index=&#8220;0&#8243; css=&#8220;.vc_custom_1598959022789{margin-bottom: 0px !important;padding-bottom: 0px !important;}&#8220;][vc_column column_width_percent=&#8220;100&#8243; gutter_size=&#8220;3&#8243; override_padding=&#8220;yes&#8220; column_padding=&#8220;0&#8243; [&hellip;]<\/p>\n","protected":false},"author":186094491,"featured_media":0,"parent":0,"menu_order":0,"comment_status":"closed","ping_status":"closed","template":"","meta":{"_acf_changed":false,"_coblocks_attr":"","_coblocks_dimensions":"","_coblocks_responsive_height":"","_coblocks_accordion_ie_support":"","_crdt_document":"","content-type":"","footnotes":""},"class_list":["post-105690","page","type-page","status-publish","hentry"],"acf":[],"jetpack_shortlink":"https:\/\/wp.me\/PbZLB5-ruG","jetpack_sharing_enabled":false,"_links":{"self":[{"href":"https:\/\/fulfillmenttools.com\/de\/wp-json\/wp\/v2\/pages\/105690","targetHints":{"allow":["GET"]}}],"collection":[{"href":"https:\/\/fulfillmenttools.com\/de\/wp-json\/wp\/v2\/pages"}],"about":[{"href":"https:\/\/fulfillmenttools.com\/de\/wp-json\/wp\/v2\/types\/page"}],"author":[{"embeddable":true,"href":"https:\/\/fulfillmenttools.com\/de\/wp-json\/wp\/v2\/users\/186094491"}],"replies":[{"embeddable":true,"href":"https:\/\/fulfillmenttools.com\/de\/wp-json\/wp\/v2\/comments?post=105690"}],"version-history":[{"count":28,"href":"https:\/\/fulfillmenttools.com\/de\/wp-json\/wp\/v2\/pages\/105690\/revisions"}],"predecessor-version":[{"id":110265,"href":"https:\/\/fulfillmenttools.com\/de\/wp-json\/wp\/v2\/pages\/105690\/revisions\/110265"}],"wp:attachment":[{"href":"https:\/\/fulfillmenttools.com\/de\/wp-json\/wp\/v2\/media?parent=105690"}],"curies":[{"name":"wp","href":"https:\/\/api.w.org\/{rel}","templated":true}]}}