{"id":108511,"date":"2024-12-19T11:27:40","date_gmt":"2024-12-19T10:27:40","guid":{"rendered":"https:\/\/fulfillmenttools.com\/?page_id=108511"},"modified":"2024-12-19T11:27:40","modified_gmt":"2024-12-19T10:27:40","slug":"pressemitteilung-fashion-retailer-blackout-setzt-auf-fulfillmenttools","status":"publish","type":"page","link":"https:\/\/fulfillmenttools.com\/de\/pressemitteilung-fashion-retailer-blackout-setzt-auf-fulfillmenttools\/","title":{"rendered":"Pressemitteilung: Fashion Retailer BLACKOUT setzt auf fulfillmenttools"},"content":{"rendered":"<div class=\"wpb-content-wrapper\"><p>[vc_row row_height_percent=&#8220;0&#8243; override_padding=&#8220;yes&#8220; h_padding=&#8220;0&#8243; top_padding=&#8220;2&#8243; bottom_padding=&#8220;0&#8243; overlay_alpha=&#8220;50&#8243; gutter_size=&#8220;4&#8243; column_width_percent=&#8220;100&#8243; shift_y=&#8220;0&#8243; z_index=&#8220;0&#8243;][vc_column column_width_percent=&#8220;100&#8243; gutter_size=&#8220;3&#8243; override_padding=&#8220;yes&#8220; column_padding=&#8220;3&#8243; back_color=&#8220;color-xsdn&#8220; overlay_alpha=&#8220;50&#8243; shift_x=&#8220;0&#8243; shift_y=&#8220;-5&#8243; shift_y_fixed=&#8220;yes&#8220; shift_y_down=&#8220;0&#8243; z_index=&#8220;0&#8243; align_medium=&#8220;align_left_tablet&#8220; medium_width=&#8220;0&#8243; align_mobile=&#8220;align_left_mobile&#8220; mobile_width=&#8220;0&#8243; width=&#8220;1\/1&#8243;][vc_empty_space empty_h=&#8220;3&#8243;][vc_row_inner row_inner_height_percent=&#8220;0&#8243; overlay_alpha=&#8220;50&#8243; equal_height=&#8220;yes&#8220; gutter_size=&#8220;0&#8243; shift_y=&#8220;0&#8243; z_index=&#8220;0&#8243; limit_content=&#8220;&#8220;][vc_column_inner column_width_percent=&#8220;100&#8243; position_vertical=&#8220;middle&#8220; align_horizontal=&#8220;align_right&#8220; gutter_size=&#8220;2&#8243; override_padding=&#8220;yes&#8220; column_padding=&#8220;2&#8243; overlay_alpha=&#8220;50&#8243; border_color=&#8220;color-gyho&#8220; border_style=&#8220;solid&#8220; shift_x=&#8220;0&#8243; shift_y=&#8220;0&#8243; shift_y_down=&#8220;0&#8243; z_index=&#8220;0&#8243; align_medium=&#8220;align_left_tablet&#8220; medium_width=&#8220;6&#8243; align_mobile=&#8220;align_left_mobile&#8220; mobile_width=&#8220;0&#8243; width=&#8220;3\/12&#8243;][vc_custom_heading heading_semantic=&#8220;h1&#8243; text_size=&#8220;fontsize-160000&#8243; text_transform=&#8220;uppercase&#8220; text_space=&#8220;fontspace-135905&#8243; text_color=&#8220;color-166841&#8243;]<span style=\"font-weight: 400;\">K\u00f6ln,<\/span><\/p>\n<p>&nbsp;<\/p>\n<p><span style=\"font-weight: 400;\">12. Dezember 2024<\/span>[\/vc_custom_heading][\/vc_column_inner][vc_column_inner column_width_use_pixel=&#8220;yes&#8220; position_vertical=&#8220;middle&#8220; gutter_size=&#8220;3&#8243; override_padding=&#8220;yes&#8220; column_padding=&#8220;2&#8243; overlay_alpha=&#8220;50&#8243; border_style=&#8220;solid&#8220; shift_x=&#8220;0&#8243; shift_y=&#8220;0&#8243; shift_y_down=&#8220;0&#8243; z_index=&#8220;0&#8243; align_medium=&#8220;align_left_tablet&#8220; medium_width=&#8220;2&#8243; align_mobile=&#8220;align_left_mobile&#8220; mobile_width=&#8220;0&#8243; width=&#8220;9\/12&#8243; css=&#8220;.vc_custom_1649188570004{border-right-width: 1px !important;}&#8220;][vc_custom_heading heading_semantic=&#8220;h1&#8243; text_size=&#8220;fontsize-155944&#8243; text_color=&#8220;color-121104&#8243; sub_lead=&#8220;yes&#8220; subheading=&#8220;Fashion Retailer BLACKOUT setzt auf fulfillmenttools&#8220;]Investition in eigene E-Commerce-Zukunft:[\/vc_custom_heading][\/vc_column_inner][\/vc_row_inner][vc_row_inner row_inner_height_percent=&#8220;0&#8243; overlay_alpha=&#8220;50&#8243; equal_height=&#8220;yes&#8220; gutter_size=&#8220;0&#8243; shift_y=&#8220;0&#8243; z_index=&#8220;0&#8243; limit_content=&#8220;&#8220;][vc_column_inner column_width_percent=&#8220;100&#8243; gutter_size=&#8220;2&#8243; override_padding=&#8220;yes&#8220; column_padding=&#8220;1&#8243; overlay_alpha=&#8220;50&#8243; border_color=&#8220;color-gyho&#8220; border_style=&#8220;solid&#8220; shift_x=&#8220;0&#8243; shift_y=&#8220;0&#8243; shift_y_down=&#8220;0&#8243; z_index=&#8220;0&#8243; align_medium=&#8220;align_left_tablet&#8220; medium_width=&#8220;6&#8243; align_mobile=&#8220;align_left_mobile&#8220; mobile_width=&#8220;0&#8243; width=&#8220;1\/1&#8243;][vc_column_text]<b><em>K\u00d6LN, 12. Dezember 2024 <\/em><\/b><em><strong>\u2013 Zum Jahresende ist der Bedarf an einem reibungslosen Einkaufserlebnis inklusive schneller Bestellabwicklung sowie einfacher und nahtloser Kundenbetreuung so gro\u00df wie nie. Auch der Schweizer Fashion-H\u00e4ndler BLACKOUT setzt jetzt auf die cloudbasierte L\u00f6sung fulfillmenttools, um das erh\u00f6hte Bestellaufkommen der Shopping-Hochsaison zu meistern \u2013 und seine E-Commerce-Performance fit fu\u0308r die Zukunft zu machen. Die Software erm\u00f6glicht es H\u00e4ndlern, ihre station\u00e4ren Filialen mit dem Online-Gesch\u00e4ft zu verknu\u0308pfen und eine vollumf\u00e4ngliche Omnichannel-Pr\u00e4senz aufzubauen, um so flexibel auf individuelle Shopping-Bedu\u0308rfnisse ihrer Kund:innen zu reagieren.<\/strong><\/em>[\/vc_column_text][\/vc_column_inner][\/vc_row_inner][vc_row_inner row_inner_height_percent=&#8220;0&#8243; overlay_alpha=&#8220;50&#8243; equal_height=&#8220;yes&#8220; gutter_size=&#8220;4&#8243; shift_y=&#8220;0&#8243; z_index=&#8220;0&#8243; limit_content=&#8220;&#8220;][vc_column_inner column_width_percent=&#8220;100&#8243; gutter_size=&#8220;2&#8243; override_padding=&#8220;yes&#8220; column_padding=&#8220;1&#8243; overlay_alpha=&#8220;50&#8243; border_color=&#8220;color-gyho&#8220; border_style=&#8220;solid&#8220; shift_x=&#8220;0&#8243; shift_y=&#8220;0&#8243; shift_y_down=&#8220;0&#8243; z_index=&#8220;0&#8243; align_medium=&#8220;align_left_tablet&#8220; medium_width=&#8220;6&#8243; align_mobile=&#8220;align_left_mobile&#8220; mobile_width=&#8220;0&#8243; width=&#8220;1\/2&#8243;][vc_column_text]In nahezu allen Einzelhandelsbranchen steigen im November und Dezember die Ums\u00e4tze an. Dabei w\u00e4chst im Weihnachtsgesch\u00e4ft besonders der Online-Anteil am Gesamtumsatz. Denn der Online-Handel boomt: Laut Statistischem Bundesamt haben 82 Prozent der Menschen im Alter zwischen 16 und 74 Jahren in Deutschland schon einmal online eingekauft,1 2024 erreichte der Umsatz durch E-Commerce (B2C) in Deutschland mit 88,3 Milliarden Euro seinen neuen H\u00f6hepunkt.2 Das stellt H\u00e4ndler vor die gro\u00dfe Herausforderung, den Fulfillment-Prozess, das hei\u00dft die gesamte Bestellabwicklung, u\u0308ber alle On- und Offline-Kan\u00e4le hinweg effizient zu gestalten. Hier setzt fulfillmenttools an \u2013 mit integrierten L\u00f6sungen vom Order- und Inventory Management u\u0308ber Click &amp; Reserve bis zur Retourenabwicklung.[\/vc_column_text][\/vc_column_inner][vc_column_inner width=&#8220;1\/2&#8243;][vc_single_image media=&#8220;107273&#8243; media_width_percent=&#8220;100&#8243;][\/vc_column_inner][\/vc_row_inner][vc_row_inner row_inner_height_percent=&#8220;0&#8243; overlay_alpha=&#8220;50&#8243; equal_height=&#8220;yes&#8220; gutter_size=&#8220;4&#8243; shift_y=&#8220;0&#8243; z_index=&#8220;0&#8243; limit_content=&#8220;&#8220;][vc_column_inner column_width_percent=&#8220;100&#8243; position_vertical=&#8220;middle&#8220; gutter_size=&#8220;2&#8243; override_padding=&#8220;yes&#8220; column_padding=&#8220;1&#8243; overlay_alpha=&#8220;50&#8243; border_color=&#8220;color-gyho&#8220; border_style=&#8220;solid&#8220; shift_x=&#8220;0&#8243; shift_y=&#8220;0&#8243; shift_y_down=&#8220;0&#8243; z_index=&#8220;0&#8243; align_medium=&#8220;align_left_tablet&#8220; medium_width=&#8220;6&#8243; align_mobile=&#8220;align_left_mobile&#8220; mobile_width=&#8220;0&#8243; width=&#8220;1\/1&#8243;][vc_column_text]<strong>Ganzheitliches \u201eIn-Time\u201c-Einkaufs- und Bestellerlebnis<\/strong><\/p>\n<p>Neben seinem Online-Shop betreibt das 2016 gegru\u0308ndete Schweizer Unternehmen BLACKOUT mittlerweile knapp 90 Filialen fu\u0308r angesagte Jeans- und Casualwear. Die Plattform fulfillmenttools bietet dem Retailer eine hocheffiziente L\u00f6sung, um seine Store-Architektur on- und offline zu modernisieren, zu skalieren und E-Commerce-Prozesse zu optimieren: \u201eWir wollen das gesamte Filialnetzwerk in der Schweiz aktivieren, damit BLACKOUT neue Kundenerwartungen in Zukunft viel effizienter und flexibel bedienen kann\u201c, erkl\u00e4rt Udo Rauch, Managing Director bei fulfillmenttools.[\/vc_column_text][\/vc_column_inner][\/vc_row_inner][vc_row_inner row_inner_height_percent=&#8220;0&#8243; overlay_alpha=&#8220;50&#8243; equal_height=&#8220;yes&#8220; gutter_size=&#8220;0&#8243; shift_y=&#8220;0&#8243; z_index=&#8220;0&#8243; limit_content=&#8220;&#8220;][vc_column_inner column_width_percent=&#8220;100&#8243; position_horizontal=&#8220;left&#8220; position_vertical=&#8220;middle&#8220; gutter_size=&#8220;3&#8243; overlay_alpha=&#8220;50&#8243; shift_x=&#8220;0&#8243; shift_y=&#8220;0&#8243; shift_y_down=&#8220;0&#8243; z_index=&#8220;0&#8243; medium_width=&#8220;0&#8243; mobile_width=&#8220;0&#8243; width=&#8220;1\/1&#8243;][vc_column_text]\u201eIndem Retouren sowie Versand- und Click&amp;Reserve-Bestellungen nicht mehr u\u0308ber das deutsche Zentrallager laufen, spart der Retailer zum Beispiel Transportkosten und garantiert ku\u0308rzere Lieferzeiten fu\u0308r seine Schweizer Kund:innen.\u201c Dieser Ansatz steigert auch in Krisenzeiten des station\u00e4ren Handels die Relevanz der Filialen vor Ort und sorgt fu\u0308r eine nahtlose Customer Experience u\u0308ber alle Touchpoints hinweg. Die Software wird aktuell in ausgew\u00e4hlten Testfilialen eingesetzt und soll sukzessive fu\u0308r das gesamte Filialnetzwerk adaptiert werden.[\/vc_column_text][\/vc_column_inner][\/vc_row_inner][vc_row_inner row_inner_height_percent=&#8220;0&#8243; overlay_alpha=&#8220;50&#8243; equal_height=&#8220;yes&#8220; gutter_size=&#8220;0&#8243; shift_y=&#8220;0&#8243; z_index=&#8220;0&#8243; limit_content=&#8220;&#8220;][vc_column_inner column_width_percent=&#8220;100&#8243; gutter_size=&#8220;2&#8243; override_padding=&#8220;yes&#8220; column_padding=&#8220;1&#8243; overlay_alpha=&#8220;50&#8243; border_color=&#8220;color-gyho&#8220; border_style=&#8220;solid&#8220; shift_x=&#8220;0&#8243; shift_y=&#8220;0&#8243; shift_y_down=&#8220;0&#8243; z_index=&#8220;0&#8243; align_medium=&#8220;align_left_tablet&#8220; medium_width=&#8220;6&#8243; align_mobile=&#8220;align_left_mobile&#8220; mobile_width=&#8220;0&#8243; width=&#8220;1\/1&#8243;][vc_column_text]<strong>Zusammenarbeit st\u00e4rkt Rolle als Anbieter innovativer Fulfillment-L\u00f6sungen<\/strong><\/p>\n<p>Zu den Fokusbranchen, die fulfillmenttools mit seinen cloudbasierten L\u00f6sungen fu\u0308r Fulfillment-Prozesse unterstu\u0308tzt, z\u00e4hlen neben Mode auch Lebensmittel, Luxusgu\u0308ter, Heimwerker &amp; Garten sowie Consumer Electronics. Durch die Zusammenarbeit mit BLACKOUT st\u00e4rkt das Unternehmen seine Position im Fashion-Segment, baut seine internationalen Aktivit\u00e4ten weiter aus und unterstreicht seine Rolle als innovativer Anbieter von cloudbasierten Fullfillment-L\u00f6sungen.[\/vc_column_text][\/vc_column_inner][\/vc_row_inner][vc_empty_space empty_h=&#8220;2&#8243;][vc_row_inner row_inner_height_percent=&#8220;0&#8243; overlay_alpha=&#8220;50&#8243; gutter_size=&#8220;3&#8243; shift_y=&#8220;0&#8243; z_index=&#8220;0&#8243;][vc_column_inner column_width_percent=&#8220;100&#8243; gutter_size=&#8220;2&#8243; override_padding=&#8220;yes&#8220; column_padding=&#8220;1&#8243; overlay_alpha=&#8220;50&#8243; shift_x=&#8220;0&#8243; shift_y=&#8220;0&#8243; shift_y_down=&#8220;0&#8243; z_index=&#8220;0&#8243; align_medium=&#8220;align_left_tablet&#8220; medium_width=&#8220;0&#8243; align_mobile=&#8220;align_left_mobile&#8220; mobile_width=&#8220;0&#8243; width=&#8220;1\/1&#8243;][vc_column_text]<\/p>\n<div>\n<p><strong>\u00dcber fulfillmenttools<\/strong><\/p>\n<p>fulfillmenttools wurde 2020 aus dem Innovationshub der REWE digital, welche zur REWE Group geh\u00f6rt, gegru\u0308ndet. Das Softwareunternehmen mit Sitz in K\u00f6ln verbindet technisches Know-how mit der mehr als 90-j\u00e4hrigen Handelserfahrung der REWE Group. Mit seiner Plattform unterstu\u0308tzt das Unternehmen H\u00e4ndler beim Aufbau einer eigenen Omnichannel-Erlebniswelt, um den station\u00e4ren Handel mit dem Onlinegesch\u00e4ft zu verbinden \u2013 und das u\u0308ber unterschiedliche Branche wie Lebensmittel, Fashion, Luxury, DIY und Consumer Electronics hinweg. Das Herzstu\u0308ck der Plattform ist das Distributed Order Management System (DOMS), das den Nutzer:innen die beste Routing-Entscheidung fu\u0308r ihre Bestellungen bietet, basierend auf ihren individuellen Kriterien und Daten. Weitere Informationen zu fulfillmenttools finden Sie unter <a href=\"http:\/\/www.fulfillmenttools.com\">www.fulfillmenttools.com<\/a> .<\/p>\n<p>&nbsp;<\/p>\n<p><b>Links &amp; Informationen:<\/b><\/p>\n<\/div>\n<p><span style=\"font-weight: 400;\"><a href=\"http:\/\/www.fulfillmenttools.com\">https:\/\/www.fulfillmenttools.com<\/a><br \/>\n<\/span><a class=\"_ps2id\" href=\"https:\/\/fulfillmenttools.com\/presse-und-medien\/\" data-ps2id-offset=\"\">https:\/\/fulfillmenttools.com\/presse-und-medien\/<\/a><\/p>\n<p>&nbsp;<\/p>\n<p><b>Pressekontakt:<br \/>\n<\/b><span style=\"font-weight: 400;\">OC fulfillment GmbH<br \/>\n<\/span><span style=\"font-weight: 400;\">Andreas Wegner<br \/>\nPR-Manager, fulfillmenttools &amp; REWE digital<\/span><span style=\"font-weight: 400;\"><br \/>\n<\/span><span style=\"font-weight: 400;\">presse@fulfillmenttools.com<\/span>[\/vc_column_text][vc_empty_space empty_h=&#8220;2&#8243;][vc_button button_color=&#8220;color-121104&#8243; radius=&#8220;btn-circle&#8220; outline=&#8220;yes&#8220; border_width=&#8220;0&#8243; link=&#8220;url:https%3A%2F%2Ffulfillmenttools.com%2Fpresse-und-medien%2F|title:Presse%20%26%20Medien||&#8220;]Zur\u00fcck zur Presseseite[\/vc_button][vc_empty_space empty_h=&#8220;2&#8243;][\/vc_column_inner][\/vc_row_inner][vc_separator][\/vc_column][\/vc_row]<\/p>\n<\/div>","protected":false},"excerpt":{"rendered":"<p>[vc_row row_height_percent=&#8220;0&#8243; override_padding=&#8220;yes&#8220; h_padding=&#8220;0&#8243; top_padding=&#8220;2&#8243; bottom_padding=&#8220;0&#8243; overlay_alpha=&#8220;50&#8243; gutter_size=&#8220;4&#8243; column_width_percent=&#8220;100&#8243; shift_y=&#8220;0&#8243; z_index=&#8220;0&#8243;][vc_column column_width_percent=&#8220;100&#8243; gutter_size=&#8220;3&#8243; override_padding=&#8220;yes&#8220; column_padding=&#8220;3&#8243; back_color=&#8220;color-xsdn&#8220; overlay_alpha=&#8220;50&#8243; shift_x=&#8220;0&#8243; shift_y=&#8220;-5&#8243; shift_y_fixed=&#8220;yes&#8220; [&hellip;]<\/p>\n","protected":false},"author":186094495,"featured_media":0,"parent":0,"menu_order":0,"comment_status":"closed","ping_status":"closed","template":"","meta":{"_acf_changed":false,"_coblocks_attr":"","_coblocks_dimensions":"","_coblocks_responsive_height":"","_coblocks_accordion_ie_support":"","_crdt_document":"","content-type":"","footnotes":""},"class_list":["post-108511","page","type-page","status-publish","hentry"],"acf":[],"jetpack_shortlink":"https:\/\/wp.me\/PbZLB5-seb","jetpack_sharing_enabled":false,"_links":{"self":[{"href":"https:\/\/fulfillmenttools.com\/de\/wp-json\/wp\/v2\/pages\/108511","targetHints":{"allow":["GET"]}}],"collection":[{"href":"https:\/\/fulfillmenttools.com\/de\/wp-json\/wp\/v2\/pages"}],"about":[{"href":"https:\/\/fulfillmenttools.com\/de\/wp-json\/wp\/v2\/types\/page"}],"author":[{"embeddable":true,"href":"https:\/\/fulfillmenttools.com\/de\/wp-json\/wp\/v2\/users\/186094495"}],"replies":[{"embeddable":true,"href":"https:\/\/fulfillmenttools.com\/de\/wp-json\/wp\/v2\/comments?post=108511"}],"version-history":[{"count":3,"href":"https:\/\/fulfillmenttools.com\/de\/wp-json\/wp\/v2\/pages\/108511\/revisions"}],"predecessor-version":[{"id":108514,"href":"https:\/\/fulfillmenttools.com\/de\/wp-json\/wp\/v2\/pages\/108511\/revisions\/108514"}],"wp:attachment":[{"href":"https:\/\/fulfillmenttools.com\/de\/wp-json\/wp\/v2\/media?parent=108511"}],"curies":[{"name":"wp","href":"https:\/\/api.w.org\/{rel}","templated":true}]}}