{"id":87421,"date":"2021-02-03T18:22:26","date_gmt":"2021-02-03T17:22:26","guid":{"rendered":"https:\/\/fulfillmenttools.com\/?page_id=87421"},"modified":"2021-02-22T14:23:29","modified_gmt":"2021-02-22T13:23:29","slug":"teilnahmebedingungen-gemeinsam-durch-die-krise-angebot","status":"publish","type":"page","link":"https:\/\/fulfillmenttools.com\/de\/teilnahmebedingungen-gemeinsam-durch-die-krise-angebot\/","title":{"rendered":"Teilnahmebedingungen &#8222;Gemeinsam durch die Krise&#8220;-Angebot"},"content":{"rendered":"<div class=\"wpb-content-wrapper\"><p>[vc_row row_height_percent=&#8220;0&#8243; override_padding=&#8220;yes&#8220; h_padding=&#8220;3&#8243; top_padding=&#8220;2&#8243; bottom_padding=&#8220;5&#8243; overlay_alpha=&#8220;50&#8243; gutter_size=&#8220;3&#8243; column_width_percent=&#8220;100&#8243; shift_y=&#8220;0&#8243; z_index=&#8220;0&#8243;][vc_column width=&#8220;1\/1&#8243;][vc_custom_heading heading_semantic=&#8220;h1&#8243; text_size=&#8220;h1&#8243; text_color=&#8220;color-121104&#8243;]Teilnahmebedingungen \u201eGemeinsam durch die Krise\u201c-Angebot[\/vc_custom_heading][vc_row_inner row_inner_height_percent=&#8220;0&#8243; overlay_alpha=&#8220;50&#8243; gutter_size=&#8220;3&#8243; shift_y=&#8220;0&#8243; z_index=&#8220;0&#8243; limit_content=&#8220;&#8220;][vc_column_inner width=&#8220;1\/1&#8243;][vc_column_text]<\/p>\n<h4 class=\"headline-small\">Es gelten die folgenden Bedingungen:<\/h4>\n<ol>\n<li>Veranstalter: Das Gewinnspiel wird durchgef\u00fchrt von OC fulfillment GmbH, Domstra\u00dfe 20, 50668 K\u00f6ln (nachfolgen: fulfillmenttools).<\/li>\n<li>Teilnehmer: Teilnahmeberechtigt sind Personen, die das 18. Lebensjahr vollendet haben.<\/li>\n<li>Gewinne: Beim ausgeschriebenen Gewinn handelt es sich um eine sechsmonatige kostenfreie Nutzung der fulfillmenttools Plattform.<\/li>\n<li>Wie erfolgt die Teilnahme?<br \/>\nDas Gewinnspiel findet vom 02.02.2021 bis 28.02.2021 auf unserer Website statt.Um an dem Gewinnspiel teilzunehmen, muss der Teilnehmer ein Teilnahmeformular ausf\u00fcllen.<\/li>\n<li>Gewinnerermittlung: Die Gewinner werden per Zufallsprinzip ermittelt.<\/li>\n<li>Gewinnerbenachrichtigung: Die Gewinner werden \u00fcber die bei der Teilnahme angegebene Adresse\/E-Mail-Adresse benachrichtigt. Die Kontaktangaben k\u00f6nnen nach der erstmaligen Mitteilung nicht mehr ge\u00e4ndert werden. Im Falle der Unzustellbarkeit ist fulfillmenttools nicht verpflichtet, weitere Nachforschungen anzustellen; ein Anspruch auf den Gewinn besteht in diesem Falle nicht.<\/li>\n<li>Gewinn\u00fcbermittlung: Die Gewinn\u00fcbermittlung erfolgt nach der Gewinnbenachrichtigung per E-Mail an die Adresse, die der Teilnehmer bei Teilnahme\/nach Aufforderung angegeben hat.<br \/>\nDie Adresse kann nach der erstmaligen Mitteilung nicht mehr ge\u00e4ndert werden. Im Falle eines unzustellbaren Gewinns ist fulfillmenttools nicht verpflichtet, weitere Nachforschungen anzustellen. Der Gewinnanspruch verf\u00e4llt in diesem Fall.<\/li>\n<li>Ausschluss von Teilnehmern: fulfillmenttools beh\u00e4lt sich das Recht vor, Teilnehmer, die falsche oder unvollst\u00e4ndige Angaben machen, sich unerlaubter Hilfsmittel bedienen, bei denen der Verdacht auf Manipulation besteht oder die in sonstiger Weise gegen die Teilnahmebedingungen versto\u00dfen, ohne Angabe von Gr\u00fcnden von der Teilnahme auszuschlie\u00dfen.<br \/>\nfulfillmenttools bleibt es vorbehalten, den Teilnehmer bei Verdacht eines Ausschlussgrundes zur Stellungnahme aufzufordern. Unterbleibt die Stellungnahme innerhalb der von fulfillmenttools gesetzten Frist, beh\u00e4lt sich fulfillmentools vor, die Teilnehmer von der Teilnahme auszuschlie\u00dfen.<\/li>\n<li>Keine Gewinn\u00fcbermittlung: Sollte eine Gewinn\u00fcbermittlung an den Gewinner nicht m\u00f6glich sein (z.B. da der Gewinnanspruch aufgrund der Teilnahmebedingungen entfallen ist oder der Gewinner den Gewinn nicht annimmt), bleibt es fulfillmenttools nach eigenem Ermessen \u00fcberlassen zu entscheiden, was mit dem Gewinn erfolgt (z.B. ob der Gewinn nach den vorliegenden Teilnahmebedingungen an die Teilnehmer, die nicht gewonnen haben, vergeben wird oder ob dieser nicht vergeben und z.B. f\u00fcr ein anderes Gewinnspiel genutzt wird).<\/li>\n<li>Datenschutz: Es wird auf die gesonderten <a href=\"https:\/\/fulfillmenttools.com\/datenschutz\/\"><u>Datenschutzhinweise zum Gewinnspiel<\/u><\/a> verwiesen.<\/li>\n<li>Haftungsausschluss: fulfillmenttools \u00fcbernimmt keine Verantwortung f\u00fcr Datenverluste, insbesondere solche, die auf dem Wege der Daten\u00fcbertragung entstanden sind, technische Defekte sowie verloren gegangene, besch\u00e4digte oder versp\u00e4tete Einsendungen, die auf Netzwerk-, Hardware- oder Softwareprobleme zur\u00fcckzuf\u00fchren sind.<br \/>\nEtwaige Gew\u00e4hrleistungsanspr\u00fcche der Gewinner sind ausgeschlossen.<\/li>\n<li>\u00c4nderung\/Einstellung des Gewinnspiels: fulfillmenttools beh\u00e4lt sich das Recht vor, das Gewinnspiel im Fall unvorhergesehener Umst\u00e4nde zu \u00e4ndern oder einzustellen.<br \/>\nfulfillmenttools ist insbesondere berechtigt, das Gewinnspiel einzustellen, abzubrechen oder auszusetzen, wenn<\/p>\n<ul>\n<li>ein versuchter Missbrauch durch Manipulation festgestellt wird, oder<\/li>\n<li>eine ordnungsgem\u00e4\u00dfe Durchf\u00fchrung nicht mehr sichergestellt ist, dies insbesondere beim Ausfall von Hard- oder Software, bei Programmfehlern, Computerviren oder bei nicht autorisierten Eingriffen von Dritten sowie mechanischen, technischen oder rechtlichen Problemen.<\/li>\n<\/ul>\n<\/li>\n<li>Sollte eine Klausel dieser Bedingungen unwirksam sein, gilt die entsprechende gesetzliche Regelung und die Wirksamkeit der \u00fcbrigen Bedingungen bleibt hiervon unber\u00fchrt.<\/li>\n<li>\u00dcbertragung, Barauszahlung, Rechtsweg: Eine Barauszahlung des Gewinns ist nicht m\u00f6glich. Eventuelle Gewinnanspr\u00fcche sind nicht \u00fcbertragbar. Der Rechtsweg ist ausgeschlossen.<\/li>\n<li>Verbraucherschlichtung: Hiermit informieren wir Sie dar\u00fcber, dass fulfillmentools nicht an Streitbeilegungsverfahren einer Verbraucherschlichtungsstelle teilnimmt und dazu auch nicht verpflichtet ist.<\/li>\n<li>Ansprechpartner f\u00fcr R\u00fcckfragen: Bei R\u00fcckfragen k\u00f6nnen Sie sich gerne jederzeit an fulfillmenttools wenden.<\/li>\n<\/ol>\n<p>[\/vc_column_text][\/vc_column_inner][\/vc_row_inner][vc_empty_space empty_h=&#8220;3&#8243;][vc_separator][\/vc_column][\/vc_row]<\/p>\n<\/div>","protected":false},"excerpt":{"rendered":"<p>[vc_row row_height_percent=&#8220;0&#8243; override_padding=&#8220;yes&#8220; h_padding=&#8220;3&#8243; top_padding=&#8220;2&#8243; bottom_padding=&#8220;5&#8243; overlay_alpha=&#8220;50&#8243; gutter_size=&#8220;3&#8243; column_width_percent=&#8220;100&#8243; shift_y=&#8220;0&#8243; z_index=&#8220;0&#8243;][vc_column width=&#8220;1\/1&#8243;][vc_custom_heading heading_semantic=&#8220;h1&#8243; text_size=&#8220;h1&#8243; text_color=&#8220;color-121104&#8243;]Teilnahmebedingungen \u201eGemeinsam durch die Krise\u201c-Angebot[\/vc_custom_heading][vc_row_inner row_inner_height_percent=&#8220;0&#8243; [&hellip;]<\/p>\n","protected":false},"author":186094497,"featured_media":0,"parent":0,"menu_order":0,"comment_status":"closed","ping_status":"closed","template":"","meta":{"_acf_changed":false,"_coblocks_attr":"","_coblocks_dimensions":"","_coblocks_responsive_height":"","_coblocks_accordion_ie_support":"","_crdt_document":"","content-type":"","footnotes":""},"class_list":["post-87421","page","type-page","status-publish","hentry"],"acf":[],"jetpack_shortlink":"https:\/\/wp.me\/PbZLB5-mK1","jetpack_sharing_enabled":false,"_links":{"self":[{"href":"https:\/\/fulfillmenttools.com\/de\/wp-json\/wp\/v2\/pages\/87421","targetHints":{"allow":["GET"]}}],"collection":[{"href":"https:\/\/fulfillmenttools.com\/de\/wp-json\/wp\/v2\/pages"}],"about":[{"href":"https:\/\/fulfillmenttools.com\/de\/wp-json\/wp\/v2\/types\/page"}],"author":[{"embeddable":true,"href":"https:\/\/fulfillmenttools.com\/de\/wp-json\/wp\/v2\/users\/186094497"}],"replies":[{"embeddable":true,"href":"https:\/\/fulfillmenttools.com\/de\/wp-json\/wp\/v2\/comments?post=87421"}],"version-history":[{"count":3,"href":"https:\/\/fulfillmenttools.com\/de\/wp-json\/wp\/v2\/pages\/87421\/revisions"}],"predecessor-version":[{"id":87497,"href":"https:\/\/fulfillmenttools.com\/de\/wp-json\/wp\/v2\/pages\/87421\/revisions\/87497"}],"wp:attachment":[{"href":"https:\/\/fulfillmenttools.com\/de\/wp-json\/wp\/v2\/media?parent=87421"}],"curies":[{"name":"wp","href":"https:\/\/api.w.org\/{rel}","templated":true}]}}