{"id":88230,"date":"2021-06-11T14:23:17","date_gmt":"2021-06-11T12:23:17","guid":{"rendered":"https:\/\/fulfillmenttools.com\/?page_id=88230"},"modified":"2024-09-10T15:43:56","modified_gmt":"2024-09-10T13:43:56","slug":"retourenmanagement","status":"publish","type":"page","link":"https:\/\/fulfillmenttools.com\/de\/retourenmanagement\/","title":{"rendered":"Retourenmanagement"},"content":{"rendered":"<div class=\"wpb-content-wrapper\"><p>[vc_row row_height_percent=&#8220;51&#8243; override_padding=&#8220;yes&#8220; h_padding=&#8220;2&#8243; top_padding=&#8220;0&#8243; bottom_padding=&#8220;0&#8243; back_color=&#8220;color-132086&#8243; overlay_alpha=&#8220;50&#8243; gutter_size=&#8220;1&#8243; column_width_percent=&#8220;100&#8243; shift_y=&#8220;0&#8243; z_index=&#8220;0&#8243; top_divider=&#8220;gradient&#8220; uncode_shortcode_id=&#8220;560101&#8243; back_color_type=&#8220;uncode-palette&#8220;][vc_column column_width_percent=&#8220;100&#8243; position_horizontal=&#8220;right&#8220; position_vertical=&#8220;middle&#8220; gutter_size=&#8220;3&#8243; override_padding=&#8220;yes&#8220; column_padding=&#8220;0&#8243; style=&#8220;dark&#8220; overlay_alpha=&#8220;50&#8243; shift_x=&#8220;0&#8243; shift_y=&#8220;0&#8243; shift_y_down=&#8220;0&#8243; z_index=&#8220;0&#8243; medium_width=&#8220;0&#8243; mobile_width=&#8220;7&#8243; width=&#8220;1\/2&#8243; mobile_height=&#8220;400&#8243;][vc_empty_space empty_h=&#8220;2&#8243;][vc_custom_heading heading_semantic=&#8220;h1&#8243; text_size=&#8220;h5&#8243; text_transform=&#8220;uppercase&#8220; text_space=&#8220;fontspace-210350&#8243; text_color=&#8220;color-166841&#8243; sub_lead=&#8220;yes&#8220;]Retourenmanagement[\/vc_custom_heading][vc_custom_heading text_size=&#8220;h1&#8243; text_color=&#8220;color-166841&#8243; sub_lead=&#8220;yes&#8220;]Optimieren Sie Ihre Prozesse und steigern Ihre Effizienz[\/vc_custom_heading][vc_custom_heading heading_semantic=&#8220;p&#8220; text_size=&#8220;h4&#8243; text_weight=&#8220;400&#8243; text_height=&#8220;fontheight-524109&#8243; text_color=&#8220;color-xsdn&#8220;]Transport- und Logistikkosten reduzieren, Zeit sparen und Kund:innenzufriedenheit steigern. Mit unserer effizienten Retourenl\u00f6sung integrieren Sie Ihre Filialen als Annahmestellen f\u00fcr Retouren von Online-Bestellungen und optimieren so nicht nur Ihr Omnichannel-Fulfillment durch effiziente Prozesse, sondern auch das Shopping-Erlebnis Ihrer Kund:innen.[\/vc_custom_heading][vc_empty_space empty_h=&#8220;3&#8243;][\/vc_column][vc_column column_width_percent=&#8220;100&#8243; position_horizontal=&#8220;right&#8220; position_vertical=&#8220;bottom&#8220; align_horizontal=&#8220;align_right&#8220; gutter_size=&#8220;2&#8243; override_padding=&#8220;yes&#8220; column_padding=&#8220;0&#8243; overlay_alpha=&#8220;50&#8243; shift_x=&#8220;0&#8243; shift_y=&#8220;0&#8243; shift_y_down=&#8220;0&#8243; z_index=&#8220;0&#8243; medium_width=&#8220;0&#8243; align_mobile=&#8220;align_left_mobile&#8220; mobile_width=&#8220;7&#8243; width=&#8220;1\/2&#8243;][vc_single_image media=&#8220;102028&#8243; media_width_percent=&#8220;80&#8243; alignment=&#8220;right&#8220;][\/vc_column][\/vc_row][vc_row row_height_percent=&#8220;0&#8243; override_padding=&#8220;yes&#8220; h_padding=&#8220;3&#8243; top_padding=&#8220;3&#8243; bottom_padding=&#8220;0&#8243; overlay_alpha=&#8220;50&#8243; equal_height=&#8220;yes&#8220; gutter_size=&#8220;0&#8243; column_width_percent=&#8220;100&#8243; shift_y=&#8220;0&#8243; z_index=&#8220;0&#8243;][vc_column column_width_percent=&#8220;100&#8243; position_vertical=&#8220;middle&#8220; gutter_size=&#8220;3&#8243; overlay_alpha=&#8220;50&#8243; shift_x=&#8220;0&#8243; shift_y=&#8220;0&#8243; shift_y_down=&#8220;0&#8243; z_index=&#8220;0&#8243; medium_width=&#8220;0&#8243; mobile_width=&#8220;0&#8243; width=&#8220;1\/1&#8243;][vc_custom_heading text_font=&#8220;font-377884&#8243; text_color=&#8220;color-121104&#8243;]Filialen als Retourenannahmestellen von Online-Bestellungen[\/vc_custom_heading][\/vc_column][\/vc_row][vc_row row_height_percent=&#8220;0&#8243; override_padding=&#8220;yes&#8220; h_padding=&#8220;2&#8243; top_padding=&#8220;3&#8243; bottom_padding=&#8220;4&#8243; overlay_alpha=&#8220;50&#8243; equal_height=&#8220;yes&#8220; gutter_size=&#8220;0&#8243; column_width_percent=&#8220;100&#8243; shift_y=&#8220;0&#8243; z_index=&#8220;0&#8243;][vc_column column_width_percent=&#8220;100&#8243; position_horizontal=&#8220;left&#8220; position_vertical=&#8220;middle&#8220; gutter_size=&#8220;3&#8243; overlay_alpha=&#8220;50&#8243; shift_x=&#8220;0&#8243; shift_y=&#8220;0&#8243; shift_y_down=&#8220;0&#8243; z_index=&#8220;0&#8243; medium_width=&#8220;0&#8243; mobile_width=&#8220;0&#8243; width=&#8220;1\/3&#8243;][vc_row_inner row_inner_height_percent=&#8220;0&#8243; overlay_alpha=&#8220;50&#8243; gutter_size=&#8220;2&#8243; shift_y=&#8220;0&#8243; z_index=&#8220;0&#8243;][vc_column_inner column_width_percent=&#8220;100&#8243; align_horizontal=&#8220;align_center&#8220; gutter_size=&#8220;3&#8243; overlay_alpha=&#8220;50&#8243; shift_x=&#8220;0&#8243; shift_y=&#8220;0&#8243; shift_y_fixed=&#8220;yes&#8220; shift_y_down=&#8220;-2&#8243; z_index=&#8220;0&#8243; medium_width=&#8220;4&#8243; mobile_width=&#8220;4&#8243; width=&#8220;1\/1&#8243;][vc_single_image media=&#8220;100204&#8243; media_width_percent=&#8220;90&#8243;][\/vc_column_inner][\/vc_row_inner][\/vc_column][vc_column column_width_use_pixel=&#8220;yes&#8220; position_horizontal=&#8220;left&#8220; position_vertical=&#8220;middle&#8220; gutter_size=&#8220;3&#8243; overlay_alpha=&#8220;50&#8243; shift_x=&#8220;0&#8243; shift_y=&#8220;0&#8243; shift_y_down=&#8220;0&#8243; z_index=&#8220;0&#8243; medium_width=&#8220;0&#8243; mobile_width=&#8220;0&#8243; width=&#8220;2\/3&#8243; column_width_pixel=&#8220;528&#8243;][vc_column_text]Durch den verst\u00e4rkten Online-Handel steigt auch die Anzahl an Retouren. Dies stellt f\u00fcr viele H\u00e4ndler aktuell noch einen komplexen Fulfillment-Schritt dar, der oft aus manuellen, nicht skalierf\u00e4higen Prozessen besteht.<\/p>\n<p>&nbsp;<\/p>\n<p>Mit unserer Retourenl\u00f6sung<\/p>\n<ul>\n<li>halten Sie Ihre Transport- und Logistikkosten so gering wie m\u00f6glich,<\/li>\n<li>arbeiten Sie mit optimal auf die Nutzer:innen zentrierte Prozesse f\u00fcr eine reibungslose R\u00fcckabwicklung von Online-Bestellungen,<\/li>\n<li>verk\u00fcrzen Sie die Zeitspanne zum Re-Selling Ihrer Waren,<\/li>\n<li>senken Sie die Abschriftenquote von retounierten Artikeln,<\/li>\n<li>optimieren Sie die Relevanz und Kund:innenfrequenz in Ihren Filialen durch deren zus\u00e4tzliche Rolle als <a href=\"https:\/\/fulfillmenttools.com\/fulfillment-glossar-in-store-retouren\/\" target=\"_blank\" rel=\"noopener\">Retourenannahmestelle f\u00fcr Online-Bestellungen<\/a>.<\/li>\n<\/ul>\n<p>[\/vc_column_text][\/vc_column][\/vc_row][vc_row row_height_percent=&#8220;0&#8243; override_padding=&#8220;yes&#8220; h_padding=&#8220;2&#8243; top_padding=&#8220;3&#8243; bottom_padding=&#8220;3&#8243; back_color=&#8220;color-749896&#8243; overlay_alpha=&#8220;50&#8243; gutter_size=&#8220;100&#8243; column_width_percent=&#8220;100&#8243; shift_y=&#8220;0&#8243; z_index=&#8220;0&#8243; style=&#8220;inherited&#8220; row_name=&#8220;About Us&#8220;][vc_column column_width_percent=&#8220;100&#8243; position_vertical=&#8220;middle&#8220; align_horizontal=&#8220;align_center&#8220; gutter_size=&#8220;4&#8243; overlay_alpha=&#8220;100&#8243; shift_x=&#8220;0&#8243; shift_y=&#8220;0&#8243; shift_y_down=&#8220;0&#8243; z_index=&#8220;0&#8243; medium_width=&#8220;0&#8243; mobile_width=&#8220;0&#8243; zoom_width=&#8220;0&#8243; zoom_height=&#8220;0&#8243; width=&#8220;1\/1&#8243;][vc_row_inner limit_content=&#8220;&#8220;][vc_column_inner column_width_use_pixel=&#8220;yes&#8220; align_horizontal=&#8220;align_center&#8220; gutter_size=&#8220;3&#8243; overlay_alpha=&#8220;50&#8243; shift_x=&#8220;0&#8243; shift_y=&#8220;0&#8243; shift_y_down=&#8220;0&#8243; z_index=&#8220;0&#8243; medium_width=&#8220;0&#8243; mobile_width=&#8220;0&#8243; width=&#8220;1\/1&#8243;][vc_custom_heading text_font=&#8220;font-377884&#8243; text_color=&#8220;color-121104&#8243;]Ihre Vorteile mit effizientem Retourenmanagement[\/vc_custom_heading][\/vc_column_inner][\/vc_row_inner][vc_row_inner row_inner_height_percent=&#8220;0&#8243; overlay_alpha=&#8220;100&#8243; gutter_size=&#8220;4&#8243; shift_y=&#8220;0&#8243; z_index=&#8220;0&#8243; limit_content=&#8220;&#8220;][vc_column_inner column_width_percent=&#8220;100&#8243; align_horizontal=&#8220;align_center&#8220; gutter_size=&#8220;3&#8243; overlay_alpha=&#8220;100&#8243; shift_x=&#8220;0&#8243; shift_y=&#8220;0&#8243; shift_y_down=&#8220;0&#8243; z_index=&#8220;0&#8243; medium_width=&#8220;4&#8243; mobile_width=&#8220;7&#8243; zoom_width=&#8220;0&#8243; zoom_height=&#8220;0&#8243; width=&#8220;1\/4&#8243;][vc_icon icon_image=&#8220;94519&#8243; icon_color=&#8220;color-166841&#8243; media_size=&#8220;55&#8243; text_size=&#8220;h4&#8243; linked_title=&#8220;yes&#8220; text_reduced=&#8220;yes&#8220; align=&#8220;left&#8220; title=&#8220;Kund:innenzufriedenheit steigern&#8220;]Durch die Integration einer effizienten Retourenl\u00f6sung k\u00f6nnen Kund:innen Online-Bestellungen unkompliziert zur\u00fcckschicken oder in einer Filiale zur\u00fcckgeben.[\/vc_icon][\/vc_column_inner][vc_column_inner column_width_percent=&#8220;100&#8243; align_horizontal=&#8220;align_center&#8220; gutter_size=&#8220;3&#8243; overlay_alpha=&#8220;100&#8243; shift_x=&#8220;0&#8243; shift_y=&#8220;0&#8243; shift_y_down=&#8220;0&#8243; z_index=&#8220;0&#8243; medium_width=&#8220;4&#8243; mobile_width=&#8220;7&#8243; zoom_width=&#8220;0&#8243; zoom_height=&#8220;0&#8243; width=&#8220;1\/4&#8243;][vc_icon icon_image=&#8220;94487&#8243; icon_color=&#8220;color-166841&#8243; media_size=&#8220;55&#8243; text_size=&#8220;h4&#8243; text_reduced=&#8220;yes&#8220; align=&#8220;left&#8220; title=&#8220;Kosten nachhaltig reduzieren&#8220;]Durch die Nutzung von Filialen als Retourenannahmestellen k\u00f6nnen Transport- und Logistikkosten sowie die Zeitspanne zum Re-Selling reduziert werden.[\/vc_icon][\/vc_column_inner][vc_column_inner column_width_percent=&#8220;100&#8243; align_horizontal=&#8220;align_center&#8220; gutter_size=&#8220;3&#8243; overlay_alpha=&#8220;100&#8243; shift_x=&#8220;0&#8243; shift_y=&#8220;0&#8243; shift_y_down=&#8220;0&#8243; z_index=&#8220;0&#8243; medium_width=&#8220;4&#8243; mobile_width=&#8220;7&#8243; zoom_width=&#8220;0&#8243; zoom_height=&#8220;0&#8243; width=&#8220;1\/4&#8243;][vc_icon icon_image=&#8220;85254&#8243; icon_color=&#8220;color-166841&#8243; media_size=&#8220;49&#8243; text_size=&#8220;h4&#8243; linked_title=&#8220;yes&#8220; text_reduced=&#8220;yes&#8220; align=&#8220;left&#8220; title=&#8220;Wertvolle Zeit einsparen&#8220;]Unsere L\u00f6sung erm\u00f6glicht eine App-gest\u00fctzte Erfassung von Retouren und deren R\u00fcckgabegr\u00fcnden sowie eine automatisierte und schnelle Abwicklung des R\u00fcckgabeprozesses.[\/vc_icon][\/vc_column_inner][vc_column_inner column_width_percent=&#8220;100&#8243; align_horizontal=&#8220;align_center&#8220; gutter_size=&#8220;3&#8243; overlay_alpha=&#8220;50&#8243; shift_x=&#8220;0&#8243; shift_y=&#8220;0&#8243; shift_y_down=&#8220;0&#8243; z_index=&#8220;0&#8243; medium_width=&#8220;4&#8243; mobile_width=&#8220;7&#8243; width=&#8220;1\/4&#8243;][vc_icon icon_image=&#8220;94701&#8243; icon_color=&#8220;color-166841&#8243; media_size=&#8220;49&#8243; text_size=&#8220;h4&#8243; text_reduced=&#8220;yes&#8220; align=&#8220;left&#8220; title=&#8220;State-of-the-Art Technologie&#8220;]Durch einen Cloud-basierten Ansatz l\u00e4sst sich die L\u00f6sung schnell mit bestehenden Systemen verkn\u00fcpfen und erm\u00f6glicht eine automatische Datenintegration in vor- und nachgelagerte Systeme.[\/vc_icon][\/vc_column_inner][\/vc_row_inner][\/vc_column][\/vc_row][vc_row unlock_row_content=&#8220;yes&#8220; row_height_percent=&#8220;0&#8243; override_padding=&#8220;yes&#8220; h_padding=&#8220;0&#8243; top_padding=&#8220;0&#8243; bottom_padding=&#8220;0&#8243; overlay_alpha=&#8220;50&#8243; equal_height=&#8220;yes&#8220; gutter_size=&#8220;3&#8243; column_width_percent=&#8220;100&#8243; shift_y=&#8220;0&#8243; z_index=&#8220;0&#8243;][vc_column column_width_percent=&#8220;100&#8243; gutter_size=&#8220;3&#8243; override_padding=&#8220;yes&#8220; column_padding=&#8220;4&#8243; back_image=&#8220;98407&#8243; overlay_alpha=&#8220;50&#8243; shift_x=&#8220;0&#8243; shift_y=&#8220;0&#8243; shift_y_down=&#8220;0&#8243; z_index=&#8220;0&#8243; medium_visibility=&#8220;yes&#8220; medium_width=&#8220;0&#8243; mobile_visibility=&#8220;yes&#8220; mobile_width=&#8220;0&#8243; width=&#8220;1\/3&#8243; mobile_height=&#8220;340&#8243;][\/vc_column][vc_column column_width_percent=&#8220;100&#8243; position_vertical=&#8220;middle&#8220; gutter_size=&#8220;4&#8243; override_padding=&#8220;yes&#8220; column_padding=&#8220;4&#8243; overlay_alpha=&#8220;50&#8243; shift_x=&#8220;0&#8243; shift_y=&#8220;0&#8243; shift_y_down=&#8220;0&#8243; z_index=&#8220;0&#8243; medium_width=&#8220;0&#8243; mobile_width=&#8220;0&#8243; width=&#8220;2\/3&#8243;][vc_custom_heading text_font=&#8220;font-377884&#8243; text_color=&#8220;color-121104&#8243;]Feature Highlights[\/vc_custom_heading][vc_row_inner row_inner_height_percent=&#8220;0&#8243; overlay_alpha=&#8220;50&#8243; gutter_size=&#8220;3&#8243; shift_y=&#8220;0&#8243; z_index=&#8220;0&#8243; limit_content=&#8220;&#8220;][vc_column_inner width=&#8220;1\/2&#8243;][vc_icon icon_image=&#8220;94567&#8243; icon_color=&#8220;color-166841&#8243; media_size=&#8220;58&#8243; text_size=&#8220;h4&#8243; title=&#8220;Retourendokumente erstellen und drucken&#8220; link=&#8220;|||&#8220;]Mit unserer Retourenmanagement-App l\u00e4sst sich das Retourenlabel sowie der Retourenschein automatisch erstellen und anschlie\u00dfend drucken.[\/vc_icon][\/vc_column_inner][vc_column_inner width=&#8220;1\/2&#8243;][vc_icon icon_image=&#8220;85254&#8243; icon_color=&#8220;color-166841&#8243; media_size=&#8220;56&#8243; text_size=&#8220;h4&#8243; title=&#8220;R\u00fcckgabeprozesse schnell abwickeln&#8220; link=&#8220;|||&#8220;]Eine direkte Bestandsbuchung sowie eine automatische Ausl\u00f6sung der Rechnungskorrektur erm\u00f6glichen einen schnellen R\u00fcckgabeprozess.[\/vc_icon][\/vc_column_inner][\/vc_row_inner][vc_row_inner row_inner_height_percent=&#8220;0&#8243; overlay_alpha=&#8220;50&#8243; gutter_size=&#8220;3&#8243; shift_y=&#8220;0&#8243; z_index=&#8220;0&#8243; limit_content=&#8220;&#8220;][vc_column_inner column_width_percent=&#8220;100&#8243; gutter_size=&#8220;3&#8243; overlay_alpha=&#8220;50&#8243; shift_x=&#8220;0&#8243; shift_y=&#8220;0&#8243; shift_y_down=&#8220;0&#8243; z_index=&#8220;0&#8243; align_medium=&#8220;align_center_tablet&#8220; medium_width=&#8220;0&#8243; mobile_width=&#8220;0&#8243; width=&#8220;1\/2&#8243;][vc_icon icon_image=&#8220;85420&#8243; icon_color=&#8220;color-166841&#8243; media_size=&#8220;50&#8243; text_size=&#8220;h4&#8243; title=&#8220;Retouren vor Ort einfach identifizieren&#8220; link=&#8220;|||&#8220;]Bestellungen auf verschiedene Weise identifizieren:<\/p>\n<ul>\n<li>\u00dcber die Bestellnummer des Online-Shops<\/li>\n<li>Per Scan \u00fcber den QR-Code des Retourenscheins oder den Barcode des Retourenlabels<\/li>\n<li>Manuelle Eingabe des Track&amp;Trace-Codes des Retourenlabels<\/li>\n<\/ul>\n<p>[\/vc_icon][\/vc_column_inner][vc_column_inner column_width_percent=&#8220;100&#8243; gutter_size=&#8220;3&#8243; overlay_alpha=&#8220;50&#8243; shift_x=&#8220;0&#8243; shift_y=&#8220;0&#8243; shift_y_down=&#8220;0&#8243; z_index=&#8220;0&#8243; align_medium=&#8220;align_center_tablet&#8220; medium_width=&#8220;0&#8243; mobile_width=&#8220;0&#8243; width=&#8220;1\/2&#8243;][vc_icon icon_image=&#8220;85293&#8243; icon_color=&#8220;color-166841&#8243; media_size=&#8220;50&#8243; text_size=&#8220;h4&#8243; title=&#8220;Retourengr\u00fcnde schnell klassifizieren&#8220; link=&#8220;|||&#8220;]Die App vereinfacht die Klassifizierung von R\u00fcckgabegr\u00fcnden:<\/p>\n<ul>\n<li>F\u00fcr jeden zur\u00fcckgegebenen Artikel einen individuellen R\u00fcckgabegrund ausw\u00e4hlen<\/li>\n<li>R\u00fcckgabegr\u00fcnde frei konfigurieren<\/li>\n<\/ul>\n<p>[\/vc_icon][\/vc_column_inner][\/vc_row_inner][\/vc_column][\/vc_row][vc_row row_height_percent=&#8220;50&#8243; override_padding=&#8220;yes&#8220; h_padding=&#8220;2&#8243; top_padding=&#8220;2&#8243; bottom_padding=&#8220;2&#8243; back_color=&#8220;color-166841&#8243; overlay_color=&#8220;accent&#8220; overlay_alpha=&#8220;80&#8243; equal_height=&#8220;yes&#8220; gutter_size=&#8220;4&#8243; column_width_percent=&#8220;100&#8243; shift_y=&#8220;0&#8243; z_index=&#8220;0&#8243;][vc_column column_width_percent=&#8220;100&#8243; align_horizontal=&#8220;align_center&#8220; gutter_size=&#8220;3&#8243; override_padding=&#8220;yes&#8220; column_padding=&#8220;2&#8243; style=&#8220;dark&#8220; overlay_alpha=&#8220;50&#8243; shift_x=&#8220;0&#8243; shift_y=&#8220;0&#8243; shift_y_down=&#8220;0&#8243; z_index=&#8220;0&#8243; medium_width=&#8220;0&#8243; mobile_width=&#8220;0&#8243; width=&#8220;1\/1&#8243;][vc_custom_heading heading_semantic=&#8220;p&#8220; text_size=&#8220;fontsize-160000&#8243; text_transform=&#8220;uppercase&#8220; text_space=&#8220;fontspace-135905&#8243; text_color=&#8220;color-121104&#8243;]Kontakt aufnehmen[\/vc_custom_heading][vc_custom_heading text_size=&#8220;h1&#8243; sub_lead=&#8220;yes&#8220; subheading=&#8220;Wir helfen Ihnen dabei, Ihre Filialen als Annahmestellen f\u00fcr Retouren von Online-Bestellungen einzurichten, um dadurch<br \/>\nKosten zu sparen und die Kund:innenzufriedenheit zu steigern&#8220;]Sie m\u00f6chten Ihr Retourenmanagement<br \/>\neffizienter gestalten?[\/vc_custom_heading][vc_button button_color=&#8220;color-121104&#8243; size=&#8220;btn-lg&#8220; radius=&#8220;btn-circle&#8220; border_width=&#8220;0&#8243; link=&#8220;url:https%3A%2F%2Ffulfillmenttools.com%2Fkontakt%2F|target:_blank&#8220;]Nachricht senden[\/vc_button][\/vc_column][\/vc_row][vc_row row_height_percent=&#8220;0&#8243; override_padding=&#8220;yes&#8220; h_padding=&#8220;2&#8243; top_padding=&#8220;3&#8243; bottom_padding=&#8220;2&#8243; back_color=&#8220;color-749896&#8243; overlay_alpha=&#8220;50&#8243; gutter_size=&#8220;3&#8243; column_width_percent=&#8220;100&#8243; shift_y=&#8220;0&#8243; z_index=&#8220;0&#8243;][vc_column width=&#8220;1\/1&#8243;][vc_custom_heading text_color=&#8220;color-121104&#8243;]Weiterf\u00fchrende Informationen[\/vc_custom_heading][\/vc_column][\/vc_row][vc_row row_height_percent=&#8220;0&#8243; override_padding=&#8220;yes&#8220; h_padding=&#8220;2&#8243; top_padding=&#8220;1&#8243; bottom_padding=&#8220;3&#8243; back_color=&#8220;color-749896&#8243; overlay_alpha=&#8220;50&#8243; equal_height=&#8220;yes&#8220; gutter_size=&#8220;4&#8243; column_width_percent=&#8220;100&#8243; shift_y=&#8220;0&#8243; z_index=&#8220;0&#8243; el_class=&#8220;inverted-device-order&#8220;][vc_column column_width_percent=&#8220;100&#8243; position_vertical=&#8220;middle&#8220; align_horizontal=&#8220;align_center&#8220; gutter_size=&#8220;1&#8243; override_padding=&#8220;yes&#8220; column_padding=&#8220;0&#8243; overlay_alpha=&#8220;50&#8243; shift_x=&#8220;0&#8243; shift_y=&#8220;0&#8243; shift_y_down=&#8220;0&#8243; z_index=&#8220;0&#8243; medium_width=&#8220;0&#8243; mobile_width=&#8220;0&#8243; width=&#8220;1\/3&#8243;][vc_single_image media=&#8220;102033&#8243; media_width_percent=&#8220;100&#8243; media_ratio=&#8220;sixteen-nine&#8220;][vc_row_inner][vc_column_inner column_width_percent=&#8220;100&#8243; align_horizontal=&#8220;align_center&#8220; gutter_size=&#8220;3&#8243; back_color=&#8220;color-xsdn&#8220; overlay_alpha=&#8220;50&#8243; shift_x=&#8220;0&#8243; shift_y=&#8220;0&#8243; shift_y_down=&#8220;0&#8243; z_index=&#8220;0&#8243; medium_width=&#8220;0&#8243; mobile_width=&#8220;0&#8243; width=&#8220;1\/1&#8243;][vc_custom_heading heading_semantic=&#8220;h3&#8243; text_size=&#8220;h4&#8243; text_color=&#8220;color-166841&#8243; subheading=&#8220;Erfahren Sie mehr \u00fcber die Vorteile eines optimierten Retourenmanagements und erleben, wie H\u00e4ndler sowohl Kosten, Aufwand und Zeit einsparen k\u00f6nnen. &#8222;]Effizientes Retourenmanagement: Der Schl\u00fcssel zu einem herausragendem Servicelevel[\/vc_custom_heading][vc_button button_color=&#8220;color-121104&#8243; size=&#8220;btn-lg&#8220; radius=&#8220;btn-circle&#8220; hover_fx=&#8220;outlined&#8220; outline=&#8220;yes&#8220; border_width=&#8220;0&#8243; link=&#8220;url:https%3A%2F%2Ffulfillmenttools.com%2Feffizientes-retourenmanagement-der-schluessel-zu-einem-herausragendem-servicelevel%2F|target:_blank&#8220;]Zum Blog-Post[\/vc_button][\/vc_column_inner][\/vc_row_inner][\/vc_column][vc_column column_width_percent=&#8220;100&#8243; align_horizontal=&#8220;align_center&#8220; gutter_size=&#8220;1&#8243; override_padding=&#8220;yes&#8220; column_padding=&#8220;0&#8243; overlay_alpha=&#8220;50&#8243; shift_x=&#8220;0&#8243; shift_y=&#8220;0&#8243; shift_y_down=&#8220;0&#8243; z_index=&#8220;0&#8243; medium_width=&#8220;0&#8243; mobile_width=&#8220;0&#8243; width=&#8220;1\/3&#8243;][vc_single_image media=&#8220;102013&#8243; media_width_percent=&#8220;100&#8243; media_ratio=&#8220;sixteen-nine&#8220;][vc_row_inner][vc_column_inner column_width_percent=&#8220;100&#8243; align_horizontal=&#8220;align_center&#8220; gutter_size=&#8220;3&#8243; back_color=&#8220;color-xsdn&#8220; overlay_alpha=&#8220;50&#8243; shift_x=&#8220;0&#8243; shift_y=&#8220;0&#8243; shift_y_down=&#8220;0&#8243; z_index=&#8220;0&#8243; medium_width=&#8220;0&#8243; mobile_width=&#8220;0&#8243; width=&#8220;1\/1&#8243;][vc_custom_heading heading_semantic=&#8220;h3&#8243; text_size=&#8220;h4&#8243; text_color=&#8220;color-166841&#8243; subheading=&#8220;Lesen Sie, wie Sie als H\u00e4ndler mit Click &amp; Collect schnell und einfach erfolgreich ins Omnichannel-Business einsteigen k\u00f6nnen und erhalten Sie Tipps f\u00fcr die praktische Implementierung.&#8220;]Filialen neben In-Store Returns auch f\u00fcr Click &amp; Collect nutzen[\/vc_custom_heading][vc_button button_color=&#8220;color-121104&#8243; size=&#8220;btn-lg&#8220; radius=&#8220;btn-circle&#8220; hover_fx=&#8220;outlined&#8220; outline=&#8220;yes&#8220; border_width=&#8220;0&#8243; link=&#8220;url:https%3A%2F%2Ffulfillmenttools.com%2Fwhitepaper-download-click-collect%2F&#8220;]Zum Whitepaper[\/vc_button][\/vc_column_inner][\/vc_row_inner][\/vc_column][vc_column column_width_percent=&#8220;100&#8243; align_horizontal=&#8220;align_center&#8220; gutter_size=&#8220;1&#8243; override_padding=&#8220;yes&#8220; column_padding=&#8220;0&#8243; overlay_alpha=&#8220;50&#8243; shift_x=&#8220;0&#8243; shift_y=&#8220;0&#8243; shift_y_down=&#8220;0&#8243; z_index=&#8220;0&#8243; medium_width=&#8220;0&#8243; mobile_width=&#8220;0&#8243; width=&#8220;1\/3&#8243;][vc_single_image media=&#8220;101975&#8243; media_width_percent=&#8220;100&#8243; media_ratio=&#8220;sixteen-nine&#8220;][vc_row_inner][vc_column_inner column_width_percent=&#8220;100&#8243; align_horizontal=&#8220;align_center&#8220; gutter_size=&#8220;3&#8243; back_color=&#8220;color-xsdn&#8220; overlay_alpha=&#8220;50&#8243; shift_x=&#8220;0&#8243; shift_y=&#8220;0&#8243; shift_y_down=&#8220;0&#8243; z_index=&#8220;0&#8243; medium_width=&#8220;0&#8243; mobile_width=&#8220;0&#8243; width=&#8220;1\/1&#8243;][vc_custom_heading heading_semantic=&#8220;h3&#8243; text_size=&#8220;h4&#8243; text_color=&#8220;color-166841&#8243; subheading=&#8220;Lesen Sie, welchen nachhaltigen Mehrwert Sie f\u00fcr sich und Ihre Kund:innen durch nahtloses Omnichannel Fulfillment schaffen und wie Sie dadurch wertvolle Wettbewerbsvorteile generieren.&#8220;]Omnichannel Fulfillment: Benefits f\u00fcr H\u00e4ndler aller Branchen[\/vc_custom_heading][vc_button button_color=&#8220;color-121104&#8243; size=&#8220;btn-lg&#8220; radius=&#8220;btn-circle&#8220; hover_fx=&#8220;outlined&#8220; outline=&#8220;yes&#8220; border_width=&#8220;0&#8243; link=&#8220;url:https%3A%2F%2Ffulfillmenttools.com%2Fwp-content%2Fuploads%2F2021%2F08%2Fomnichannelbenefits-de.pdf|target:_blank&#8220;]Zum Whitepaper[\/vc_button][\/vc_column_inner][\/vc_row_inner][\/vc_column][\/vc_row]<\/p>\n<\/div>","protected":false},"excerpt":{"rendered":"<p>[vc_row row_height_percent=&#8220;51&#8243; override_padding=&#8220;yes&#8220; h_padding=&#8220;2&#8243; top_padding=&#8220;0&#8243; bottom_padding=&#8220;0&#8243; back_color=&#8220;color-132086&#8243; overlay_alpha=&#8220;50&#8243; gutter_size=&#8220;1&#8243; column_width_percent=&#8220;100&#8243; shift_y=&#8220;0&#8243; z_index=&#8220;0&#8243; top_divider=&#8220;gradient&#8220; uncode_shortcode_id=&#8220;560101&#8243; back_color_type=&#8220;uncode-palette&#8220;][vc_column column_width_percent=&#8220;100&#8243; position_horizontal=&#8220;right&#8220; position_vertical=&#8220;middle&#8220; gutter_size=&#8220;3&#8243; override_padding=&#8220;yes&#8220; [&hellip;]<\/p>\n","protected":false},"author":186094497,"featured_media":0,"parent":0,"menu_order":0,"comment_status":"closed","ping_status":"closed","template":"","meta":{"_acf_changed":false,"_coblocks_attr":"","_coblocks_dimensions":"","_coblocks_responsive_height":"","_coblocks_accordion_ie_support":"","_crdt_document":"","content-type":"","footnotes":""},"class_list":["post-88230","page","type-page","status-publish","hentry"],"acf":[],"jetpack_shortlink":"https:\/\/wp.me\/PbZLB5-mX4","jetpack_sharing_enabled":false,"_links":{"self":[{"href":"https:\/\/fulfillmenttools.com\/de\/wp-json\/wp\/v2\/pages\/88230","targetHints":{"allow":["GET"]}}],"collection":[{"href":"https:\/\/fulfillmenttools.com\/de\/wp-json\/wp\/v2\/pages"}],"about":[{"href":"https:\/\/fulfillmenttools.com\/de\/wp-json\/wp\/v2\/types\/page"}],"author":[{"embeddable":true,"href":"https:\/\/fulfillmenttools.com\/de\/wp-json\/wp\/v2\/users\/186094497"}],"replies":[{"embeddable":true,"href":"https:\/\/fulfillmenttools.com\/de\/wp-json\/wp\/v2\/comments?post=88230"}],"version-history":[{"count":82,"href":"https:\/\/fulfillmenttools.com\/de\/wp-json\/wp\/v2\/pages\/88230\/revisions"}],"predecessor-version":[{"id":107484,"href":"https:\/\/fulfillmenttools.com\/de\/wp-json\/wp\/v2\/pages\/88230\/revisions\/107484"}],"wp:attachment":[{"href":"https:\/\/fulfillmenttools.com\/de\/wp-json\/wp\/v2\/media?parent=88230"}],"curies":[{"name":"wp","href":"https:\/\/api.w.org\/{rel}","templated":true}]}}